{"id":50,"date":"2013-01-24T22:34:20","date_gmt":"2013-01-24T22:34:20","guid":{"rendered":"https:\/\/themify.me\/demo\/themes\/metro\/?page_id=50"},"modified":"2026-03-13T08:29:52","modified_gmt":"2026-03-13T07:29:52","slug":"contact","status":"publish","type":"page","link":"https:\/\/lekra.eu\/?page_id=50","title":{"rendered":"KONTAKTY"},"content":{"rendered":"<hr \/>\n<p style=\"text-align: left;\" align=\"center\"><strong>TECHNICK\u00dd <\/strong><b>RIADITE\u013d<\/b><br \/>\n<em><u>Ing. J\u00e1n Badida<\/u><\/em><br \/>\nTel: +421 903 724 948<\/p>\n<hr \/>\n<p style=\"text-align: left;\" align=\"center\"><strong>KONATE\u013dKA<\/strong><br \/>\n<em><u>Ing. Jozef\u00edna Badidov\u00e1<\/u><\/em><br \/>\nTel: +421 903 714 262<br \/>\n<strong>badidova@lekra.eu<\/strong><\/p>\n<hr \/>\n<p style=\"text-align: left;\" align=\"center\"><strong>LOGISTIKA (prijat\u00e9 objedn\u00e1vky, v\u00fdvozy, sklad)<br \/>\n<\/strong><em>Ing. Andrea<\/em> Birov\u00e1<br \/>\n<strong>logistika@lekra.eu<\/strong><strong><br \/>\n<\/strong><\/p>\n<hr \/>\n<p style=\"text-align: left;\" align=\"center\"><strong>S\u00eddlo:<\/strong><br \/>\nTrnava pri Laborci 62<br \/>\n072 31 po\u0161ta Vinn\u00e9<br \/>\nokres Michalovce<\/p>\n<p style=\"text-align: left;\" align=\"center\"><strong>Prev\u00e1dzka:<\/strong><br \/>\nTrnava pri Laborci 224<br \/>\n072 31 po\u0161ta Vinn\u00e9<br \/>\nokres Michalovce<\/p>\n<p style=\"text-align: left;\" align=\"center\">\n","protected":false},"excerpt":{"rendered":"<p>TECHNICK\u00dd RIADITE\u013d Ing. J\u00e1n Badida Tel: +421 903 724 948 KONATE\u013dKA Ing. Jozef\u00edna Badidov\u00e1 Tel: +421 903 714 262 badidova@lekra.eu LOGISTIKA (prijat\u00e9 objedn\u00e1vky, v\u00fdvozy, sklad) Ing. Andrea Birov\u00e1 logistika@lekra.eu S\u00eddlo: Trnava pri Laborci 62 072 31 po\u0161ta Vinn\u00e9 okres Michalovce Prev\u00e1dzka: Trnava pri Laborci 224 072 31 po\u0161ta Vinn\u00e9 okres Michalovce<\/p>\n","protected":false},"author":1,"featured_media":0,"parent":0,"menu_order":3,"comment_status":"closed","ping_status":"open","template":"","meta":{"_monsterinsights_skip_tracking":false,"_monsterinsights_sitenote_active":false,"_monsterinsights_sitenote_note":"","_monsterinsights_sitenote_category":0},"yoast_head":"<!-- This site is optimized with the Yoast SEO plugin v14.8 - https:\/\/yoast.com\/wordpress\/plugins\/seo\/ -->\n<title>Lekra, s.r.o. - na tychto telef\u00f3nnych \u010d\u00edslach n\u00e1s zastihnete<\/title>\n<meta name=\"robots\" content=\"index, follow\" \/>\n<meta name=\"googlebot\" content=\"index, follow, max-snippet:-1, max-image-preview:large, max-video-preview:-1\" \/>\n<meta name=\"bingbot\" content=\"index, follow, max-snippet:-1, max-image-preview:large, max-video-preview:-1\" \/>\n<link rel=\"canonical\" href=\"https:\/\/lekra.eu\/?page_id=50\" \/>\n<meta property=\"og:locale\" content=\"sk_SK\" \/>\n<meta property=\"og:type\" content=\"article\" \/>\n<meta property=\"og:title\" content=\"Lekra, s.r.o. - na tychto telef\u00f3nnych \u010d\u00edslach n\u00e1s zastihnete\" \/>\n<meta property=\"og:description\" content=\"TECHNICK\u00dd RIADITE\u013d Ing. J\u00e1n Badida Tel: +421 903 724 948 KONATE\u013dKA Ing. Jozef\u00edna Badidov\u00e1 Tel: +421 903 714 262 badidova@lekra.eu LOGISTIKA (prijat\u00e9 objedn\u00e1vky, v\u00fdvozy, sklad) Ing. Andrea Birov\u00e1 logistika@lekra.eu S\u00eddlo: Trnava pri Laborci 62 072 31 po\u0161ta Vinn\u00e9 okres Michalovce Prev\u00e1dzka: Trnava pri Laborci 224 072 31 po\u0161ta Vinn\u00e9 okres Michalovce\" \/>\n<meta property=\"og:url\" content=\"https:\/\/lekra.eu\/?page_id=50\" \/>\n<meta property=\"og:site_name\" content=\"LEKRA, s.r.o.\" \/>\n<meta property=\"article:publisher\" content=\"https:\/\/www.facebook.com\/lekra.sro\/\" \/>\n<meta property=\"article:modified_time\" content=\"2026-03-13T07:29:52+00:00\" \/>\n<meta name=\"twitter:card\" content=\"summary_large_image\" \/>\n<script type=\"application\/ld+json\" class=\"yoast-schema-graph\">{\"@context\":\"https:\/\/schema.org\",\"@graph\":[{\"@type\":\"WebSite\",\"@id\":\"https:\/\/lekra.eu\/#website\",\"url\":\"https:\/\/lekra.eu\/\",\"name\":\"www.lekra.eu\",\"description\":\"V\\u00c1\\u0160 PARTNER PRE OBALY\",\"potentialAction\":[{\"@type\":\"SearchAction\",\"target\":\"https:\/\/lekra.eu\/?s={search_term_string}\",\"query-input\":\"required name=search_term_string\"}],\"inLanguage\":\"sk-SK\"},{\"@type\":\"WebPage\",\"@id\":\"https:\/\/lekra.eu\/?page_id=50#webpage\",\"url\":\"https:\/\/lekra.eu\/?page_id=50\",\"name\":\"Lekra, s.r.o. - na tychto telef\\u00f3nnych \\u010d\\u00edslach n\\u00e1s zastihnete\",\"isPartOf\":{\"@id\":\"https:\/\/lekra.eu\/#website\"},\"datePublished\":\"2013-01-24T22:34:20+00:00\",\"dateModified\":\"2026-03-13T07:29:52+00:00\",\"inLanguage\":\"sk-SK\",\"potentialAction\":[{\"@type\":\"ReadAction\",\"target\":[\"https:\/\/lekra.eu\/?page_id=50\"]}]}]}<\/script>\n<!-- \/ Yoast SEO plugin. -->","_links":{"self":[{"href":"https:\/\/lekra.eu\/index.php?rest_route=\/wp\/v2\/pages\/50"}],"collection":[{"href":"https:\/\/lekra.eu\/index.php?rest_route=\/wp\/v2\/pages"}],"about":[{"href":"https:\/\/lekra.eu\/index.php?rest_route=\/wp\/v2\/types\/page"}],"author":[{"embeddable":true,"href":"https:\/\/lekra.eu\/index.php?rest_route=\/wp\/v2\/users\/1"}],"replies":[{"embeddable":true,"href":"https:\/\/lekra.eu\/index.php?rest_route=%2Fwp%2Fv2%2Fcomments&post=50"}],"version-history":[{"count":5,"href":"https:\/\/lekra.eu\/index.php?rest_route=\/wp\/v2\/pages\/50\/revisions"}],"predecessor-version":[{"id":2758,"href":"https:\/\/lekra.eu\/index.php?rest_route=\/wp\/v2\/pages\/50\/revisions\/2758"}],"wp:attachment":[{"href":"https:\/\/lekra.eu\/index.php?rest_route=%2Fwp%2Fv2%2Fmedia&parent=50"}],"curies":[{"name":"wp","href":"https:\/\/api.w.org\/{rel}","templated":true}]}}