{"id":433,"date":"2013-01-31T00:37:54","date_gmt":"2013-01-31T00:37:54","guid":{"rendered":"https:\/\/themify.me\/demo\/themes\/metro\/?page_id=433"},"modified":"2026-03-13T08:22:22","modified_gmt":"2026-03-13T07:22:22","slug":"tiles","status":"publish","type":"page","link":"https:\/\/lekra.eu\/?page_id=433","title":{"rendered":"SME TU PRE V\u00c1S"},"content":{"rendered":"<p class=\"left_b styl9\">\u0160IROK\u00c1 \u0160K\u00c1LA materi\u00e1lov, spracovanie vlnitej lepenky (kvalita a akos\u0165 pod\u013ea po\u017eiadaviek z\u00e1kazn\u00edka).<\/p>\n<p class=\"left_b styl9\">Z\u00c1KAZKOV\u00c1 V\u00ddROBA klopov\u00fdch krab\u00edc a krab\u00edc s vekom (k t\u00fdmto kon\u0161trukci\u00e1m nie je potrebn\u00e1 v\u00fdsekov\u00e1 forma, v\u00fdber z katal\u00f3gu .FEFCO)<\/p>\n<p class=\"left_b styl9\">TVAROV\u00c9 V\u00ddSEKY (je to v\u00fdroba zlo\u017eit\u00fdch a atypick\u00fdch kon\u0161truk\u010dn\u00fdch typov krab\u00edc, ku ktor\u00fdm je potrebn\u00e1 v\u00fdsekov\u00e1 forma, v\u00fdber z katal\u00f3gu FEFCO).<\/p>\n<p class=\"left_b styl9\">ZAIS\u0164UJEME v\u00fdrobu v\u00fdsekov\u00fdch n\u00e1strojov (foriem) a samozrejme ich uskladnenie.<\/p>\n<p class=\"left_b styl9\">PON\u00daKAME jednofarebn\u00fa potla\u010d pod\u013ea prian\u00ed z\u00e1kazn\u00edka (recykla\u010dn\u00e9 znaky, loga firiem, n\u00e1vody na pou\u017eitie, a.i.).<\/p>\n<p class=\"left_b styl9\">POD\u013dA PO\u017dIADAVIEK bal\u00edme v\u00fdrobky bu\u010f na palety EURO, p\u00e1skovan\u00edm do bal\u00edkov, vo\u013ene, pr\u00edpadne do stretch \u010di bublinkovej f\u00f3lie.<\/p>\n<p class=\"left_b styl9\">U N\u00c1S TIE\u017d osobn\u00fd odber, kuri\u00e9rska slu\u017eba, ale pon\u00fakame aj mo\u017enos\u0165 na\u0161ou dopravou.<\/p>\n<p class=\"left_b styl9\">PORADENSTVO, konzult\u00e1cia \u010di zhotovenie vzoriek je samozrejmos\u0165ou a vych\u00e1dzame z individu\u00e1lnych potrieb z\u00e1kazn\u00edka.<\/p>\n","protected":false},"excerpt":{"rendered":"<p>\u0160IROK\u00c1 \u0160K\u00c1LA materi\u00e1lov, spracovanie vlnitej lepenky (kvalita a akos\u0165 pod\u013ea po\u017eiadaviek z\u00e1kazn\u00edka). Z\u00c1KAZKOV\u00c1 V\u00ddROBA klopov\u00fdch krab\u00edc a krab\u00edc s vekom (k t\u00fdmto kon\u0161trukci\u00e1m nie je potrebn\u00e1 v\u00fdsekov\u00e1 forma, v\u00fdber z katal\u00f3gu .FEFCO) TVAROV\u00c9 V\u00ddSEKY (je to v\u00fdroba zlo\u017eit\u00fdch a atypick\u00fdch kon\u0161truk\u010dn\u00fdch typov krab\u00edc, ku ktor\u00fdm je potrebn\u00e1 v\u00fdsekov\u00e1 forma, v\u00fdber z katal\u00f3gu FEFCO). ZAIS\u0164UJEME v\u00fdrobu &hellip; <\/p>\n<p class=\"link-more\"><a href=\"https:\/\/lekra.eu\/?page_id=433\" class=\"more-link\">Pokra\u010dova\u0165 v \u010d\u00edtan\u00ed<span class=\"screen-reader-text\"> &#8220;SME TU PRE V\u00c1S&#8221;<\/span><\/a><\/p>\n","protected":false},"author":1,"featured_media":0,"parent":0,"menu_order":0,"comment_status":"closed","ping_status":"open","template":"","meta":{"_monsterinsights_skip_tracking":false,"_monsterinsights_sitenote_active":false,"_monsterinsights_sitenote_note":"","_monsterinsights_sitenote_category":0},"yoast_head":"<!-- This site is optimized with the Yoast SEO plugin v14.8 - https:\/\/yoast.com\/wordpress\/plugins\/seo\/ -->\n<title>Lekra, s.r.o. - Sme tu pre V\u00e1s, pozrite katal\u00f3g FEFCO a vyberte si<\/title>\n<meta name=\"description\" content=\"\u0160IROK\u00c1 \u0160K\u00c1LA lepenky Z\u00c1KAZKOV\u00c1 V\u00ddROBA TVAROV\u00c9 V\u00ddSEKY PON\u00daKAME AJ POTLA\u010c MET\u00d3DOU FLEXOTLA\u010cE aj viacfarebn\u00e1 ZAIS\u0164UJEME v\u00fdrobu v\u00fdsekov\u00fdch a tla\u010dov\u00fdch n\u00e1strojov a samozrejme ich uskladnenie U N\u00c1S TIE\u017d osobn\u00fd odber, kurierska slu\u017eba, ale pon\u00fakame aj mo\u017enos\u0165 na\u0161ou dopravou. ZABEZPE\u010cUJEME AJ POREZ bublinkovej f\u00f3lie.\" \/>\n<meta name=\"robots\" content=\"index, follow\" \/>\n<meta name=\"googlebot\" content=\"index, follow, max-snippet:-1, max-image-preview:large, max-video-preview:-1\" \/>\n<meta name=\"bingbot\" content=\"index, follow, max-snippet:-1, max-image-preview:large, max-video-preview:-1\" \/>\n<link rel=\"canonical\" href=\"https:\/\/lekra.eu\/?page_id=433\" \/>\n<meta property=\"og:locale\" content=\"sk_SK\" \/>\n<meta property=\"og:type\" content=\"article\" \/>\n<meta property=\"og:title\" content=\"Lekra, s.r.o. - Sme tu pre V\u00e1s, pozrite katal\u00f3g FEFCO a vyberte si\" \/>\n<meta property=\"og:description\" content=\"\u0160IROK\u00c1 \u0160K\u00c1LA lepenky Z\u00c1KAZKOV\u00c1 V\u00ddROBA TVAROV\u00c9 V\u00ddSEKY PON\u00daKAME AJ POTLA\u010c MET\u00d3DOU FLEXOTLA\u010cE aj viacfarebn\u00e1 ZAIS\u0164UJEME v\u00fdrobu v\u00fdsekov\u00fdch a tla\u010dov\u00fdch n\u00e1strojov a samozrejme ich uskladnenie U N\u00c1S TIE\u017d osobn\u00fd odber, kurierska slu\u017eba, ale pon\u00fakame aj mo\u017enos\u0165 na\u0161ou dopravou. ZABEZPE\u010cUJEME AJ POREZ bublinkovej f\u00f3lie.\" \/>\n<meta property=\"og:url\" content=\"https:\/\/lekra.eu\/?page_id=433\" \/>\n<meta property=\"og:site_name\" content=\"LEKRA, s.r.o.\" \/>\n<meta property=\"article:publisher\" content=\"https:\/\/www.facebook.com\/lekra.sro\/\" \/>\n<meta property=\"article:modified_time\" content=\"2026-03-13T07:22:22+00:00\" \/>\n<meta name=\"twitter:card\" content=\"summary_large_image\" \/>\n<script type=\"application\/ld+json\" class=\"yoast-schema-graph\">{\"@context\":\"https:\/\/schema.org\",\"@graph\":[{\"@type\":\"WebSite\",\"@id\":\"https:\/\/lekra.eu\/#website\",\"url\":\"https:\/\/lekra.eu\/\",\"name\":\"www.lekra.eu\",\"description\":\"V\\u00c1\\u0160 PARTNER PRE OBALY\",\"potentialAction\":[{\"@type\":\"SearchAction\",\"target\":\"https:\/\/lekra.eu\/?s={search_term_string}\",\"query-input\":\"required name=search_term_string\"}],\"inLanguage\":\"sk-SK\"},{\"@type\":\"WebPage\",\"@id\":\"https:\/\/lekra.eu\/?page_id=433#webpage\",\"url\":\"https:\/\/lekra.eu\/?page_id=433\",\"name\":\"Lekra, s.r.o. - Sme tu pre V\\u00e1s, pozrite katal\\u00f3g FEFCO a vyberte si\",\"isPartOf\":{\"@id\":\"https:\/\/lekra.eu\/#website\"},\"datePublished\":\"2013-01-31T00:37:54+00:00\",\"dateModified\":\"2026-03-13T07:22:22+00:00\",\"description\":\"\\u0160IROK\\u00c1 \\u0160K\\u00c1LA lepenky Z\\u00c1KAZKOV\\u00c1 V\\u00ddROBA TVAROV\\u00c9 V\\u00ddSEKY PON\\u00daKAME AJ POTLA\\u010c MET\\u00d3DOU FLEXOTLA\\u010cE aj viacfarebn\\u00e1 ZAIS\\u0164UJEME v\\u00fdrobu v\\u00fdsekov\\u00fdch a tla\\u010dov\\u00fdch n\\u00e1strojov a samozrejme ich uskladnenie U N\\u00c1S TIE\\u017d osobn\\u00fd odber, kurierska slu\\u017eba, ale pon\\u00fakame aj mo\\u017enos\\u0165 na\\u0161ou dopravou. ZABEZPE\\u010cUJEME AJ POREZ bublinkovej f\\u00f3lie.\",\"inLanguage\":\"sk-SK\",\"potentialAction\":[{\"@type\":\"ReadAction\",\"target\":[\"https:\/\/lekra.eu\/?page_id=433\"]}]}]}<\/script>\n<!-- \/ Yoast SEO plugin. -->","_links":{"self":[{"href":"https:\/\/lekra.eu\/index.php?rest_route=\/wp\/v2\/pages\/433"}],"collection":[{"href":"https:\/\/lekra.eu\/index.php?rest_route=\/wp\/v2\/pages"}],"about":[{"href":"https:\/\/lekra.eu\/index.php?rest_route=\/wp\/v2\/types\/page"}],"author":[{"embeddable":true,"href":"https:\/\/lekra.eu\/index.php?rest_route=\/wp\/v2\/users\/1"}],"replies":[{"embeddable":true,"href":"https:\/\/lekra.eu\/index.php?rest_route=%2Fwp%2Fv2%2Fcomments&post=433"}],"version-history":[{"count":6,"href":"https:\/\/lekra.eu\/index.php?rest_route=\/wp\/v2\/pages\/433\/revisions"}],"predecessor-version":[{"id":2754,"href":"https:\/\/lekra.eu\/index.php?rest_route=\/wp\/v2\/pages\/433\/revisions\/2754"}],"wp:attachment":[{"href":"https:\/\/lekra.eu\/index.php?rest_route=%2Fwp%2Fv2%2Fmedia&parent=433"}],"curies":[{"name":"wp","href":"https:\/\/api.w.org\/{rel}","templated":true}]}}