{"id":2693,"date":"2019-09-11T11:54:17","date_gmt":"2019-09-11T09:54:17","guid":{"rendered":"https:\/\/lekra.eu\/?page_id=2693"},"modified":"2026-03-13T08:20:17","modified_gmt":"2026-03-13T07:20:17","slug":"na-stiahnutie","status":"publish","type":"page","link":"https:\/\/lekra.eu\/?page_id=2693","title":{"rendered":"Na stiahnutie"},"content":{"rendered":"\n<ul>\n<li><a href=\"https:\/\/nakupujbezpecne.sk\/docs\/form\/odstupenie%20od%20zmluvy.pdf\"> Odst\u00fapenie od k\u00fapnej zmluvy uzavretej na dia\u013eku<\/a><\/li>\n<\/ul>\n\n\n\n<p><\/p>\n","protected":false},"excerpt":{"rendered":"","protected":false},"author":1,"featured_media":0,"parent":0,"menu_order":0,"comment_status":"closed","ping_status":"closed","template":"","meta":{"_monsterinsights_skip_tracking":false,"_monsterinsights_sitenote_active":false,"_monsterinsights_sitenote_note":"","_monsterinsights_sitenote_category":0},"yoast_head":"<!-- This site is optimized with the Yoast SEO plugin v14.8 - https:\/\/yoast.com\/wordpress\/plugins\/seo\/ -->\n<title>Na stiahnutie - LEKRA, s.r.o.<\/title>\n<meta name=\"robots\" content=\"index, follow\" \/>\n<meta name=\"googlebot\" content=\"index, follow, max-snippet:-1, max-image-preview:large, max-video-preview:-1\" \/>\n<meta name=\"bingbot\" content=\"index, follow, max-snippet:-1, max-image-preview:large, max-video-preview:-1\" \/>\n<link rel=\"canonical\" href=\"https:\/\/lekra.eu\/?page_id=2693\" \/>\n<meta property=\"og:locale\" content=\"sk_SK\" \/>\n<meta property=\"og:type\" content=\"article\" \/>\n<meta property=\"og:title\" content=\"Na stiahnutie - LEKRA, s.r.o.\" \/>\n<meta property=\"og:url\" content=\"https:\/\/lekra.eu\/?page_id=2693\" \/>\n<meta property=\"og:site_name\" content=\"LEKRA, s.r.o.\" \/>\n<meta property=\"article:publisher\" content=\"https:\/\/www.facebook.com\/lekra.sro\/\" \/>\n<meta property=\"article:modified_time\" content=\"2026-03-13T07:20:17+00:00\" \/>\n<meta name=\"twitter:card\" content=\"summary_large_image\" \/>\n<script type=\"application\/ld+json\" class=\"yoast-schema-graph\">{\"@context\":\"https:\/\/schema.org\",\"@graph\":[{\"@type\":\"WebSite\",\"@id\":\"https:\/\/lekra.eu\/#website\",\"url\":\"https:\/\/lekra.eu\/\",\"name\":\"www.lekra.eu\",\"description\":\"V\\u00c1\\u0160 PARTNER PRE OBALY\",\"potentialAction\":[{\"@type\":\"SearchAction\",\"target\":\"https:\/\/lekra.eu\/?s={search_term_string}\",\"query-input\":\"required name=search_term_string\"}],\"inLanguage\":\"sk-SK\"},{\"@type\":\"WebPage\",\"@id\":\"https:\/\/lekra.eu\/?page_id=2693#webpage\",\"url\":\"https:\/\/lekra.eu\/?page_id=2693\",\"name\":\"Na stiahnutie - LEKRA, s.r.o.\",\"isPartOf\":{\"@id\":\"https:\/\/lekra.eu\/#website\"},\"datePublished\":\"2019-09-11T09:54:17+00:00\",\"dateModified\":\"2026-03-13T07:20:17+00:00\",\"inLanguage\":\"sk-SK\",\"potentialAction\":[{\"@type\":\"ReadAction\",\"target\":[\"https:\/\/lekra.eu\/?page_id=2693\"]}]}]}<\/script>\n<!-- \/ Yoast SEO plugin. -->","_links":{"self":[{"href":"https:\/\/lekra.eu\/index.php?rest_route=\/wp\/v2\/pages\/2693"}],"collection":[{"href":"https:\/\/lekra.eu\/index.php?rest_route=\/wp\/v2\/pages"}],"about":[{"href":"https:\/\/lekra.eu\/index.php?rest_route=\/wp\/v2\/types\/page"}],"author":[{"embeddable":true,"href":"https:\/\/lekra.eu\/index.php?rest_route=\/wp\/v2\/users\/1"}],"replies":[{"embeddable":true,"href":"https:\/\/lekra.eu\/index.php?rest_route=%2Fwp%2Fv2%2Fcomments&post=2693"}],"version-history":[{"count":4,"href":"https:\/\/lekra.eu\/index.php?rest_route=\/wp\/v2\/pages\/2693\/revisions"}],"predecessor-version":[{"id":2752,"href":"https:\/\/lekra.eu\/index.php?rest_route=\/wp\/v2\/pages\/2693\/revisions\/2752"}],"wp:attachment":[{"href":"https:\/\/lekra.eu\/index.php?rest_route=%2Fwp%2Fv2%2Fmedia&parent=2693"}],"curies":[{"name":"wp","href":"https:\/\/api.w.org\/{rel}","templated":true}]}}