{"id":2384,"date":"2018-05-30T22:40:09","date_gmt":"2018-05-30T20:40:09","guid":{"rendered":"http:\/\/d.websupport.sk\/lekra.eu\/?page_id=2384"},"modified":"2020-09-24T19:52:53","modified_gmt":"2020-09-24T17:52:53","slug":"vseobecne-obchodne-podmienky","status":"publish","type":"page","link":"https:\/\/lekra.eu\/?page_id=2384","title":{"rendered":"V\u0161eobecn\u00e9 obchodn\u00e9 podmienky"},"content":{"rendered":"<p style=\"text-align: justify;\">pre predaj tovaru dod\u00e1van\u00e9ho a vyr\u00e1ban\u00e9ho spolo\u010dnos\u0165ou LEKRA, s.r.o., platn\u00e9 od 2.1.2010 (\u010falej len &#8220;VOP&#8221;)<\/p>\n<p style=\"text-align: justify;\">Tieto v\u0161eobecn\u00e9 obchodn\u00e9 podmienky VOP platia v zmysle \u00a7 273, ods. 1 z\u00e1kona \u010d. 531\/1991 Zb. (Obchodn\u00fd z\u00e1konn\u00edk) v platnom znen\u00ed ako neoddelite\u013en\u00e1 s\u00fa\u010das\u0165 k\u00fapnych zml\u00fav, uzatv\u00e1ran\u00fdch pri predaji a k\u00fape v\u00fdrobkov z vlnitej a hladkej lepenky, tie\u017e z lepenky ka\u0161\u00edrovanej, vyr\u00e1ban\u00fdch a dod\u00e1van\u00fdch spolo\u010dnos\u0165ou LEKRA, s.r.o., ako aj r\u00e1mcov\u00fdch k\u00fapnych zml\u00fav, pokia\u013e boli tak\u00e9 medzi stranami uzavret\u00e9, pred\u00e1vaj\u00faci sa zav\u00e4zuje doda\u0165 pod\u013ea schv\u00e1len\u00fdch \u0161pecifik\u00e1ci\u00ed alebo svojich vn\u00fatropodnikov\u00fdch noriem tovar kupuj\u00facemu a kupuj\u00faci sa zav\u00e4zuje tovar prevzia\u0165 a riadne zaplati\u0165.<\/p>\n<h4 style=\"text-align: center;\">Dodacie podmienky<\/h4>\n<p style=\"text-align: center;\">1<\/p>\n<p style=\"text-align: justify;\">Dodanie tovaru sa uskuto\u010d\u0148uje odovzdan\u00edm tovaru kupuj\u00facemu v s\u00eddle spolo\u010dnosti LEKRA, s.r.o., alebo prv\u00e9mu dod\u00e1vate\u013eovi, k preprave pre kupuj\u00faceho, dohodnut\u00e9ho miesta, kde je pred\u00e1vaj\u00faci povinn\u00fd tovar odosla\u0165.<\/p>\n<p style=\"text-align: center;\">2<\/p>\n<p style=\"text-align: justify;\">Vlastn\u00edcke pr\u00e1vo k tovaru prech\u00e1dza na kupuj\u00faceho predan\u00edm tovaru alebo pred t\u00fdm, ne\u017e z\u00edska opr\u00e1vnenie so z\u00e1sielkou nar\u00e1ba\u0165, ak ide o tovar prepravovan\u00fd.<\/p>\n<p style=\"text-align: center;\">3<\/p>\n<p style=\"text-align: justify;\">Pokia\u013e sa zmluvn\u00e9 strany dohodn\u00fa na vlastnom odbere tovaru kupuj\u00facim, je kupuj\u00faci povinn\u00fd zobra\u0165 v\u0161etok objednan\u00fd tovar do 3 pracovn\u00fdch dn\u00ed po vyzvan\u00ed pred\u00e1vaj\u00facim.<\/p>\n<p style=\"text-align: center;\">4<\/p>\n<p style=\"text-align: justify;\">V pr\u00edpade nedodr\u017eiavania term\u00ednu kupuj\u00facim, je pred\u00e1vaj\u00faci opr\u00e1vnen\u00fd odosla\u0165 tovar kupuj\u00facemu na jeho n\u00e1klady ak\u00fdmko\u013evek vhodn\u00fdm sp\u00f4sobom, na adresu s\u00eddla, alebo prev\u00e1dzky do max 1 mesiaca od objednania, alebo uskladn\u00ed neprebran\u00fd tovar vo svojom sklade. Kupuj\u00faci je v tomto pr\u00edpade povinn\u00fd uhradi\u0165 pred\u00e1vaj\u00facemu skladn\u00e9 vo v\u00fd\u0161ke 0,7% z ceny tovaru za ka\u017ed\u00fd kalend\u00e1rny de\u0148 jeho uskladnenia.<\/p>\n<p style=\"text-align: center;\">5<\/p>\n<p style=\"text-align: justify;\">Pred\u00e1vaj\u00faci je opr\u00e1vnen\u00fd doda\u0165 tovar pred zjednan\u00fdm term\u00ednom dodania a kupuj\u00faci je povinn\u00fd tento tovar prevzia\u0165. Ak sa nedohodli inak pred bl\u00ed\u017eiacim sa term\u00ednom dodania.<\/p>\n<p style=\"text-align: center;\">6<\/p>\n<p style=\"text-align: justify;\">Pred\u00e1vaj\u00faci zaru\u010duje term\u00edn dodania tovaru len v tom pr\u00edpade, \u017ee po odoslan\u00ed n\u00e1vrhu k\u00fapnej zmluvy obdr\u017e\u00ed do 3 pracovn\u00fdch dn\u00ed jej potvrden\u00e9 vyhotovenie (faxom, po\u0161tou, e &#8211; mailom, podp\u00edsan\u00fdm zaru\u010den\u00fdm kvalifikovan\u00fdm elektronick\u00fdm podpisom, osobne).<\/p>\n<p style=\"text-align: center;\">7<\/p>\n<p style=\"text-align: justify;\">V pr\u00edpade v\u00fdrobku z vlnit\u00fdch lepeniek na objedn\u00e1vku, je nutn\u00e9 potvrden\u00e9 vyhotovenie k\u00fapnej zmluvy odosla\u0165 dod\u00e1vate\u013eovi obratom. Toto potvrdenie nie je nutn\u00e9 urobi\u0165, pokia\u013e sa ceny a podmienky dohodli vopred v cenovej ponuke, ktor\u00fa potvrdili obe strany.<\/p>\n<p style=\"text-align: center;\">8<\/p>\n<p style=\"text-align: justify;\">Pred\u00e1vaj\u00faci nezodpoved\u00e1 za oneskorenie dod\u00e1vky sp\u00f4soben\u00e9 vy\u0161\u0161ou mocou alebo udalos\u0165ou, ktor\u00e1 pred\u00e1vaj\u00facemu podstatne s\u0165a\u017e\u00ed, \u010di znemo\u017en\u00ed plni\u0165 podmienky uzavret\u00e9 v zmluve &#8211; \u0161trajk, v\u00fdluka, vojna, po\u017eiar, vy\u0161\u0161ia moc a pod. O t\u00fdchto udalostiach je pred\u00e1vaj\u00faci povinn\u00fd bezodkladne informova\u0165 kupuj\u00faceho a dohodn\u00fa\u0165 si s n\u00edm n\u00e1hradn\u00fd term\u00edn dodania.<\/p>\n<h4 style=\"text-align: center;\">Cenov\u00e9 a platobn\u00e9 podmienky<\/h4>\n<p style=\"text-align: center;\">1<\/p>\n<p>Pokia\u013e nebude dohodnut\u00e9 v k\u00fapnej zmluve inak, k\u00fapna cena je cena ud\u00e1van\u00e1 bez DPH.<\/p>\n<p style=\"text-align: center;\">2<\/p>\n<p style=\"text-align: justify;\">Pokia\u013e nebude zmluvn\u00fdmi stranami dojednan\u00fd in\u00fd sp\u00f4sob platenia, je kupuj\u00faci povinn\u00fd zaplati\u0165 za tovar k\u00fapnu cenu na z\u00e1klade fakt\u00fary vystaven\u00e9ho pred\u00e1vaj\u00facim a to v term\u00edne splatnosti 14 dn\u00ed od d\u00e1tumu vystavenia fakt\u00fary.<\/p>\n<p style=\"text-align: center;\">3<\/p>\n<p style=\"text-align: justify;\">Pri osobnom odbere m\u00f4\u017ee vyu\u017ei\u0165 platbu v hotovosti, ak je na prev\u00e1dzke pr\u00edtomn\u00e1 prenosn\u00e1 elektronick\u00e1 pokladnica.<\/p>\n<p style=\"text-align: center;\">4<\/p>\n<p style=\"text-align: justify;\">Ome\u0161kanie s platbou k\u00fapnej ceny je v\u00e1\u017enym poru\u0161en\u00edm k\u00fapnej zmluvy. V uvedenom pr\u00edpade m\u00e1 pr\u00e1vo pred\u00e1vaj\u00faci od tejto zmluvy odst\u00fapi\u0165 ako aj v pr\u00edpade v\u0161etk\u00fdch \u010fal\u0161\u00edch k\u00fapnych zml\u00fav uzatvoren\u00fdch s kupuj\u00facim alebo odmietnu\u0165 dodanie \u010fal\u0161ieho tovaru kupuj\u00facemu a\u017e do \u00fapln\u00e9ho zaplatenia v\u0161etk\u00fdch poh\u013ead\u00e1vok po splatnosti vr\u00e1tane pr\u00edslu\u0161enstva. Toto ustanovenie plat\u00ed aj pre pr\u00edpady, kedy sa kupuj\u00faci dostane do ome\u0161kania s platbou k\u00fapnej ceny (alebo jej \u010dasti), ktor\u00e1 mala by\u0165 uhraden\u00e1 predom.<\/p>\n<p style=\"text-align: center;\">5<\/p>\n<p style=\"text-align: justify;\">V pr\u00edpade ome\u0161kania s platbou k\u00fapnej ceny pod\u013ea fakt\u00fary, je pred\u00e1vaj\u00faci opr\u00e1vnen\u00fd vyfakturova\u0165 kupuj\u00facemu \u00farok z ome\u0161kania vo v\u00fd\u0161ke 0,5 % z fakturovanej \u010diastky za ka\u017ed\u00fd de\u0148 ome\u0161kania.<\/p>\n<p style=\"text-align: center;\">6<\/p>\n<p style=\"text-align: justify;\">Ak by boli poskytnut\u00e9 pred\u00e1vaj\u00facim kupuj\u00facemu ak\u00e9ko\u013evek z\u013eavy alebo bonusy, je pred\u00e1vaj\u00faci opr\u00e1vnen\u00fd v pr\u00edpade ome\u0161kania kupuj\u00faceho s platen\u00edm fakt\u00far dlh\u0161\u00edm ako 90 dn\u00ed, tieto z\u013eavy alebo bonusy do\u00fa\u010dtova\u0165 kupuj\u00facemu formou fakt\u00fary. T\u00fdmto kupuj\u00faci str\u00e1ca pr\u00e1vo na z\u013eavy a bonusy a je povinn\u00fd vyfakturovan\u00fa \u010diastku zaplati\u0165 do 14 dn\u00ed od d\u0148a vystavenia fakt\u00fary.<\/p>\n<p style=\"text-align: center;\">7<\/p>\n<h4 style=\"text-align: justify;\"><span style=\"font-size: 1rem; font-weight: 400;\">Pred\u00e1vaj\u00faci je opr\u00e1vnen\u00fd posun\u00fa\u0165 nesplaten\u00e9 fakt\u00fary tretej strane, ktor\u00e1 z\u00e1konn\u00fdm sp\u00f4sobom vym\u00f4\u017ee poh\u013ead\u00e1vku u kupuj\u00faceho.<\/span><\/h4>\n<h4 style=\"text-align: center;\">Balenie<\/h4>\n<p style=\"text-align: center;\">1<\/p>\n<p style=\"text-align: justify;\">Tovar je balen\u00fd na vratn\u00fdch (EUR), alebo jednor\u00e1zov\u00fdch palet\u00e1ch, popr\u00edpade v in\u00fdch dohodnut\u00fdch obaloch.<\/p>\n<p style=\"text-align: center;\">2<\/p>\n<p style=\"text-align: justify;\">Kupuj\u00faci je povinn\u00fd pri dodan\u00ed odovzda\u0165 na v\u00fdmenu nepo\u0161koden\u00e9 EUR palety. Je mo\u017en\u00e9 dohodn\u00fa\u0165 s pred\u00e1vaj\u00facim paletov\u00e9 konto, ktor\u00e9 je nutn\u00e9 vr\u00e1ti\u0165 ku koncu kalend\u00e1rneho roka bez vyzvania, v opa\u010dnom pr\u00edpade je pred\u00e1vaj\u00faci opr\u00e1vnen\u00fd, toto paletov\u00e9 konto fakt\u00farova\u0165 so splatnos\u0165ou 14 dn\u00ed.<\/p>\n<p style=\"text-align: center;\">3<\/p>\n<p style=\"text-align: justify;\">Ak kupuj\u00faci nem\u00e1 na v\u00fdmenu palety, bude mu bezodkladn\u00e9 zaslan\u00e1 samostatn\u00e1 fakt\u00fara za palety so splatnos\u0165ou 14 dn\u00ed. Ak nie je dohodnut\u00e1 cena vratn\u00fdch paliet v k\u00fapnej zmluve, je kupuj\u00faci povinn\u00fd zaplati\u0165 pred\u00e1vaj\u00facemu ich n\u00e1kupn\u00fa cenu. To sa nevz\u0165ahuje na jednor\u00e1zov\u00e9 palety, ktor\u00e9 s\u00fa \u00fa\u010dtovan\u00e9 z\u00e1rove\u0148 s pred\u00e1van\u00fdm tovarom a ich zaplatenie sa riadi term\u00ednom splatnosti samotn\u00e9ho tovaru.<\/p>\n<h4 style=\"text-align: center;\">Grafick\u00e1 dokument\u00e1cia, v\u00fdsekov\u00e9 a tla\u010dov\u00e9 formy, in\u00e9 vzorky<\/h4>\n<p style=\"text-align: center;\">1<\/p>\n<p style=\"text-align: justify;\">Pred\u00e1vaj\u00faci si vyhradzuje pr\u00e1vo vlastn\u00edctva a autorsk\u00e9 pr\u00e1vo na v\u0161etky v\u00fdsekov\u00e9 a tla\u010dov\u00e9 formy, grafick\u00e9 podklady a vzorky, ako i v\u00fdkresov\u00fa dokument\u00e1ciu a podobn\u00e9 podklady vz\u0165ahuj\u00face sa k dod\u00e1van\u00e9mu tovaru, ktor\u00e9 neboli dodan\u00e9 kupuj\u00facim.<\/p>\n<p style=\"text-align: center;\">2<\/p>\n<p style=\"text-align: justify;\">V pr\u00edpade, \u017ee doru\u010d\u00ed kupuj\u00faci pred\u00e1vaj\u00facemu grafick\u00fd n\u00e1vrh podoby bud\u00faceho tovaru alebo podklady k zhotoveniu tak\u00e9hoto grafick\u00e9ho n\u00e1vrhu, nesie pln\u00fa zodpovednos\u0165 za obsah textov, grafick\u00fdch zobrazen\u00ed, tvarov a pod. Kupuj\u00faci si je plne vedom\u00fd tej skuto\u010dnosti, \u017ee obsahom grafick\u00e9ho n\u00e1vrhu alebo podkladov k zhotoveniu grafick\u00e9ho n\u00e1vrhu nesmie zasiahnu\u0165 do pr\u00e1v tret\u00edch os\u00f4b, hlavne do pr\u00e1v k ochrann\u00fdm zn\u00e1mkam, obchodnej spolo\u010dnosti, patentom, priemyseln\u00fdm vzorom a pod.<\/p>\n<p style=\"text-align: center;\">3<\/p>\n<p style=\"text-align: justify;\">Pokia\u013e neboli v\u00fdsekov\u00e9 formy alebo tla\u010dov\u00e9 \u0161to\u010dky, dodan\u00e9 kupuj\u00facim, uhrad\u00ed kupuj\u00faci pred\u00e1vaj\u00facemu n\u00e1klady na ich zhotovenie. Pred\u00e1vaj\u00faci urob\u00ed vy\u00fa\u010dtovanie t\u00fdchto n\u00e1kladov alebo ich \u010dast\u00ed na da\u0148ovom doklade osobitne, mimo cenu dod\u00e1van\u00e9ho tovaru, pri prvej faktur\u00e1cii za dodanie nov\u00e9ho v\u00fdrobku.<\/p>\n<p style=\"text-align: center;\">4<\/p>\n<p style=\"text-align: justify;\">Pred\u00e1vaj\u00faci sa zav\u00e4zuje v\u0161etky v\u00fdrobn\u00e9 podklady, v\u00fdsekov\u00e9 formy alebo litografie, bezplatne skladova\u0165 po dobu 2 rokov od ich posledn\u00e9ho pou\u017eitia. Pokia\u013e si kupuj\u00faci behom tejto doby podklady s\u00e1m nevy\u017eiada, bud\u00fa po uplynut\u00ed uvedenej doby zlikvidovan\u00e9 na \u00fa\u010det pred\u00e1vaj\u00faceho.<\/p>\n<p style=\"text-align: center;\">5<\/p>\n<p style=\"text-align: justify;\">V\u00fdroba dvoch vzoriek, vz\u0165ahuj\u00facich sa k danej z\u00e1kazke, nie s\u00fa kupuj\u00facemu \u00fa\u010dtovan\u00e9. N\u00e1klady spojen\u00e9 s\u00a0 v\u00fdrobou v\u0161etk\u00fdch \u010fal\u0161\u00edch vzoriek je kupuj\u00faci povinn\u00fd pred\u00e1vaj\u00facemu zaplati\u0165, pokia\u013e sa obe strany nedohodli inak.<\/p>\n<p style=\"text-align: center;\">6<\/p>\n<p style=\"text-align: justify;\">Kupuj\u00faci je povinn\u00fd dopredu p\u00edsomne informova\u0165 pred\u00e1vaj\u00faceho o \u0161pecifick\u00fdch po\u017eiadavk\u00e1ch na tovar, ktor\u00e9 vypl\u00fdvaj\u00fa zo v\u0161eobecne z\u00e1v\u00e4zn\u00fdch pr\u00e1vnych predpisov (napr. pr\u00e1vne predpisy o hygienick\u00fdch po\u017eiadavk\u00e1ch na v\u00fdrobky ur\u010den\u00e9 pre styk s potravinami, a in\u00e9). V pr\u00edpade nesplnenia t\u00fdchto povinnost\u00ed sa kupuj\u00faci zav\u00e4zuje uhradi\u0165 pred\u00e1vaj\u00facemu \u0161kodu, ktor\u00e1 mu vznikne napr. neodpovedaj\u00facim pou\u017eit\u00edm v\u00fdrobkov, uplatnen\u00edm postihu zo strany \u0161t\u00e1tnych org\u00e1nov a pod.<\/p>\n<p style=\"text-align: center;\">7<\/p>\n<p style=\"text-align: justify;\">Pred\u00e1vaj\u00faci je opr\u00e1vnen\u00fd pou\u017ei\u0165 odpadov\u00fd materi\u00e1l vzniknut\u00fd pri v\u00fdrobe tovaru, ktor\u00fd je ozna\u010den\u00fd n\u00e1zvom obchodnej spolo\u010dnosti alebo jej reklamn\u00fdm n\u00e1pisom, ich vlastnenou ochrannou zn\u00e1mkou \u010di in\u00fdm ozna\u010den\u00edm, ktor\u00e9 m\u00e1 kupuj\u00faci pr\u00e1vo u\u017e\u00edva\u0165, ako pomocn\u00fd baliaci materi\u00e1l na balenie tovaru in\u00fdch kupuj\u00facich alebo ho odovzda\u0165 na recykl\u00e1ciu.<\/p>\n<h4 style=\"text-align: center;\">Reklam\u00e1cie<\/h4>\n<p style=\"text-align: center;\">1<\/p>\n<p style=\"text-align: justify;\">Zjavn\u00e9 vady je kupuj\u00faci povinn\u00fd p\u00edsomne reklamova\u0165 bez zbyto\u010dn\u00e9ho odkladu potom, \u010do boli zisten\u00e9 pri prehliadke tovaru prevedenej pri preberan\u00ed, najnesk\u00f4r v\u0161ak do 10 pracovn\u00fdch dn\u00ed. Skryt\u00e9 vady bez zbyto\u010dn\u00e9ho odkladu po ich zisten\u00ed, najnesk\u00f4r v\u0161ak do konca z\u00e1ru\u010dnej doby, ktor\u00e1 je 6 mesiacov. V pr\u00edpade reklam\u00e1cie zjavn\u00fdch z\u00e1vad tovaru, sp\u00f4soben\u00fdch prepravou, je kupuj\u00faci povinn\u00fd dolo\u017ei\u0165 pred\u00e1vaj\u00facemu z\u00e1pis, podp\u00edsan\u00fd pr\u00edslu\u0161n\u00fdm prepravcom, resp. vodi\u010dom, z ktor\u00e9ho bude vypl\u00fdva\u0165 \u0161pecifik\u00e1cia zjavn\u00fdch z\u00e1vad a ich rozsah. V pr\u00edpade, \u017ee ned\u00f4jde k doru\u010deniu uveden\u00e9ho z\u00e1pisu najnesk\u00f4r s\u00fa\u010dasne s uplatnen\u00edm pr\u00e1v za zodpovednos\u0165 za vady kupuj\u00facim, nie je pred\u00e1vaj\u00faci povinn\u00fd reklam\u00e1ciu uzna\u0165. Sk\u00fa\u0161ky reklamovan\u00e9ho tovaru sa vykon\u00e1vaj\u00fa pod\u013ea be\u017en\u00fdch noriem.<\/p>\n<p style=\"text-align: center;\">2<\/p>\n<p style=\"text-align: justify;\">Pred\u00e1vaj\u00faci nezodpoved\u00e1 za chyby sp\u00f4soben\u00e9 kupuj\u00facim, ako napr\u00edklad zistenie, \u017ee rozmer obalu nie je vhodn\u00fd, pokia\u013e kupuj\u00faci potvrdil rozmer pred\u00e1vaj\u00facemu a ten mu bol vyroben\u00fd.<\/p>\n<p style=\"text-align: center;\">3<\/p>\n<p style=\"text-align: justify;\">V pr\u00edpade zistenia nebezpe\u010dn\u00fdch (zdravotn\u00e9 h\u013eadisko) v\u00fdrobkov, je pred\u00e1vaj\u00faci povinn\u00fd ozn\u00e1mi\u0165 kupuj\u00facemu v lehote 24 hod\u00edn od okam\u017eiku, kedy obdr\u017eal od kupuj\u00faceho inform\u00e1ciu o v\u00fdskyte tak\u00fdchto v\u00fdrobkov (identifikovan\u00e9 pod\u013ea \u010d\u00edsla z\u00e1kazky), alebo ich s\u00e1m objavil, v\u0161etky \u010fal\u0161ie vyskladnen\u00e9 dod\u00e1vky nebezpe\u010dn\u00fdch v\u00fdrobkov a miesta ich ulo\u017eenia.<\/p>\n<h4 style=\"text-align: center;\">Z\u00e1vere\u010dn\u00e9 dojednania<\/h4>\n<p style=\"text-align: center;\">1<\/p>\n<p style=\"text-align: justify;\">Zmluvn\u00e9 strany sa zav\u00e4zuj\u00fa zachov\u00e1va\u0165 ml\u010danlivos\u0165 o v\u0161etk\u00fdch inform\u00e1ci\u00e1ch, ktor\u00e9 maj\u00fa vz\u0165ah k obchodu a bud\u00fa uzatv\u00e1ran\u00e9 zmluvn\u00fdmi stranami. Inform\u00e1cie nesm\u00fa poskytova\u0165 tret\u00edm stran\u00e1m.<\/p>\n<p style=\"text-align: center;\">2<\/p>\n<p style=\"text-align: justify;\">V\u0161etky pr\u00e1va a povinnosti zmluvn\u00fdch str\u00e1n vypl\u00fdvaj\u00face z k\u00fapnej zmluvy vr\u00e1tane t\u00fdchto VOP sa riadia Obchodn\u00fdm z\u00e1konn\u00edkom Slovenskej republiky a \u010fal\u0161\u00edmi v\u0161eobecne z\u00e1v\u00e4zn\u00fdmi pr\u00e1vnymi predpismi.<\/p>\n<p style=\"text-align: center;\">3<\/p>\n<p style=\"text-align: justify;\">Pokia\u013e nie je v k\u00fapnej zmluve, alebo r\u00e1mcovej k\u00fapnej zmluve dohodnut\u00e9 inak, platia tieto VOP.<\/p>\n<p style=\"text-align: center;\">4<\/p>\n<p style=\"text-align: justify;\">Zmluvn\u00e9 strany sa dohodli, \u017ee k rie\u0161eniu ak\u00fdchko\u013evek sporov s\u00favisiacich s k\u00fapnou zmluvou, r\u00e1mcovou k\u00fapnou zmluvou a t\u00fdmito VOP je opr\u00e1vnen\u00fd obecn\u00fd s\u00fad pred\u00e1vaj\u00faceho, ktor\u00e9ho vecn\u00e1 pr\u00edslu\u0161nos\u0165 je dan\u00e1 z\u00e1konom.<\/p>\n","protected":false},"excerpt":{"rendered":"<p>pre predaj tovaru dod\u00e1van\u00e9ho a vyr\u00e1ban\u00e9ho spolo\u010dnos\u0165ou LEKRA, s.r.o., platn\u00e9 od 2.1.2010 (\u010falej len &#8220;VOP&#8221;) Tieto v\u0161eobecn\u00e9 obchodn\u00e9 podmienky VOP platia v zmysle \u00a7 273, ods. 1 z\u00e1kona \u010d. 531\/1991 Zb. (Obchodn\u00fd z\u00e1konn\u00edk) v platnom znen\u00ed ako neoddelite\u013en\u00e1 s\u00fa\u010das\u0165 k\u00fapnych zml\u00fav, uzatv\u00e1ran\u00fdch pri predaji a k\u00fape v\u00fdrobkov z vlnitej a hladkej lepenky, tie\u017e z lepenky &hellip; <\/p>\n<p class=\"link-more\"><a href=\"https:\/\/lekra.eu\/?page_id=2384\" class=\"more-link\">Pokra\u010dova\u0165 v \u010d\u00edtan\u00ed<span class=\"screen-reader-text\"> &#8220;V\u0161eobecn\u00e9 obchodn\u00e9 podmienky&#8221;<\/span><\/a><\/p>\n","protected":false},"author":1,"featured_media":0,"parent":0,"menu_order":0,"comment_status":"closed","ping_status":"closed","template":"","meta":{"_monsterinsights_skip_tracking":false,"_monsterinsights_sitenote_active":false,"_monsterinsights_sitenote_note":"","_monsterinsights_sitenote_category":0},"yoast_head":"<!-- This site is optimized with the Yoast SEO plugin v14.8 - https:\/\/yoast.com\/wordpress\/plugins\/seo\/ -->\n<title>Lekra, s.r.o. - V\u0161eobecn\u00e9 obchodn\u00e9 podmienky pre predaj tovaru<\/title>\n<meta name=\"description\" content=\"Tieto v\u0161eobecn\u00e9 obchodn\u00e9 podmienky VOP platia v zmysle \u00a7 273, ods. 1 z\u00e1kona \u010d. 531\/1991 Zb. (Obchodn\u00fd z\u00e1konn\u00edk) v platnom znen\u00ed ako neoddelite\u013en\u00e1 s\u00fa\u010das\u0165 k\u00fapnych zml\u00fav, uzatv\u00e1ran\u00fdch pri predaji a k\u00fape v\u00fdrobkov z vlnitej a hladkej lepenky, tie\u017e z lepenky ka\u0161\u00edrovanej\" \/>\n<meta name=\"robots\" content=\"index, follow\" \/>\n<meta name=\"googlebot\" content=\"index, follow, max-snippet:-1, max-image-preview:large, max-video-preview:-1\" \/>\n<meta name=\"bingbot\" content=\"index, follow, max-snippet:-1, max-image-preview:large, max-video-preview:-1\" \/>\n<link rel=\"canonical\" href=\"https:\/\/lekra.eu\/?page_id=2384\" \/>\n<meta property=\"og:locale\" content=\"sk_SK\" \/>\n<meta property=\"og:type\" content=\"article\" \/>\n<meta property=\"og:title\" content=\"Lekra, s.r.o. - V\u0161eobecn\u00e9 obchodn\u00e9 podmienky pre predaj tovaru\" \/>\n<meta property=\"og:description\" content=\"Tieto v\u0161eobecn\u00e9 obchodn\u00e9 podmienky VOP platia v zmysle \u00a7 273, ods. 1 z\u00e1kona \u010d. 531\/1991 Zb. (Obchodn\u00fd z\u00e1konn\u00edk) v platnom znen\u00ed ako neoddelite\u013en\u00e1 s\u00fa\u010das\u0165 k\u00fapnych zml\u00fav, uzatv\u00e1ran\u00fdch pri predaji a k\u00fape v\u00fdrobkov z vlnitej a hladkej lepenky, tie\u017e z lepenky ka\u0161\u00edrovanej\" \/>\n<meta property=\"og:url\" content=\"https:\/\/lekra.eu\/?page_id=2384\" \/>\n<meta property=\"og:site_name\" content=\"LEKRA, s.r.o.\" \/>\n<meta property=\"article:publisher\" content=\"https:\/\/www.facebook.com\/lekra.sro\/\" \/>\n<meta property=\"article:modified_time\" content=\"2020-09-24T17:52:53+00:00\" \/>\n<meta name=\"twitter:card\" content=\"summary_large_image\" \/>\n<script type=\"application\/ld+json\" class=\"yoast-schema-graph\">{\"@context\":\"https:\/\/schema.org\",\"@graph\":[{\"@type\":\"WebSite\",\"@id\":\"https:\/\/lekra.eu\/#website\",\"url\":\"https:\/\/lekra.eu\/\",\"name\":\"www.lekra.eu\",\"description\":\"V\\u00c1\\u0160 PARTNER PRE OBALY\",\"potentialAction\":[{\"@type\":\"SearchAction\",\"target\":\"https:\/\/lekra.eu\/?s={search_term_string}\",\"query-input\":\"required name=search_term_string\"}],\"inLanguage\":\"sk-SK\"},{\"@type\":\"WebPage\",\"@id\":\"https:\/\/lekra.eu\/?page_id=2384#webpage\",\"url\":\"https:\/\/lekra.eu\/?page_id=2384\",\"name\":\"Lekra, s.r.o. - V\\u0161eobecn\\u00e9 obchodn\\u00e9 podmienky pre predaj tovaru\",\"isPartOf\":{\"@id\":\"https:\/\/lekra.eu\/#website\"},\"datePublished\":\"2018-05-30T20:40:09+00:00\",\"dateModified\":\"2020-09-24T17:52:53+00:00\",\"description\":\"Tieto v\\u0161eobecn\\u00e9 obchodn\\u00e9 podmienky VOP platia v zmysle \\u00a7 273, ods. 1 z\\u00e1kona \\u010d. 531\/1991 Zb. (Obchodn\\u00fd z\\u00e1konn\\u00edk) v platnom znen\\u00ed ako neoddelite\\u013en\\u00e1 s\\u00fa\\u010das\\u0165 k\\u00fapnych zml\\u00fav, uzatv\\u00e1ran\\u00fdch pri predaji a k\\u00fape v\\u00fdrobkov z vlnitej a hladkej lepenky, tie\\u017e z lepenky ka\\u0161\\u00edrovanej\",\"inLanguage\":\"sk-SK\",\"potentialAction\":[{\"@type\":\"ReadAction\",\"target\":[\"https:\/\/lekra.eu\/?page_id=2384\"]}]}]}<\/script>\n<!-- \/ Yoast SEO plugin. -->","_links":{"self":[{"href":"https:\/\/lekra.eu\/index.php?rest_route=\/wp\/v2\/pages\/2384"}],"collection":[{"href":"https:\/\/lekra.eu\/index.php?rest_route=\/wp\/v2\/pages"}],"about":[{"href":"https:\/\/lekra.eu\/index.php?rest_route=\/wp\/v2\/types\/page"}],"author":[{"embeddable":true,"href":"https:\/\/lekra.eu\/index.php?rest_route=\/wp\/v2\/users\/1"}],"replies":[{"embeddable":true,"href":"https:\/\/lekra.eu\/index.php?rest_route=%2Fwp%2Fv2%2Fcomments&post=2384"}],"version-history":[{"count":6,"href":"https:\/\/lekra.eu\/index.php?rest_route=\/wp\/v2\/pages\/2384\/revisions"}],"predecessor-version":[{"id":2728,"href":"https:\/\/lekra.eu\/index.php?rest_route=\/wp\/v2\/pages\/2384\/revisions\/2728"}],"wp:attachment":[{"href":"https:\/\/lekra.eu\/index.php?rest_route=%2Fwp%2Fv2%2Fmedia&parent=2384"}],"curies":[{"name":"wp","href":"https:\/\/api.w.org\/{rel}","templated":true}]}}