{"id":2358,"date":"2018-05-30T12:04:06","date_gmt":"2018-05-30T10:04:06","guid":{"rendered":"http:\/\/d.websupport.sk\/lekra.eu\/?page_id=2358"},"modified":"2020-09-24T19:58:24","modified_gmt":"2020-09-24T17:58:24","slug":"zasady-ochrany-osobnych-udajov","status":"publish","type":"page","link":"https:\/\/lekra.eu\/?page_id=2358","title":{"rendered":"Z\u00e1sady ochrany osobn\u00fdch \u00fadajov"},"content":{"rendered":"<p>Cie\u013eom tejto inform\u00e1cie je poskytn\u00fa\u0165 V\u00e1m inform\u00e1cie o tom, ak\u00e9 osobn\u00e9 \u00fadaje sprac\u00favame, ako s nimi zaobch\u00e1dzame, na ak\u00e9 \u00fa\u010dely ich pou\u017e\u00edvame, komu ich m\u00f4\u017eeme poskytn\u00fa\u0165, kde m\u00f4\u017eete z\u00edska\u0165 inform\u00e1cie o Va\u0161ich osobn\u00fdch \u00fadajoch a uplatni\u0165 Va\u0161e pr\u00e1va pri sprac\u00favan\u00ed osobn\u00fdch \u00fadajov.<\/p>\n<p style=\"text-align: center;\"><strong>Pou\u017e\u00edvan\u00edm t\u00fdchto str\u00e1nok, ude\u013eujete prev\u00e1dzkovate\u013eovi, ako dotknut\u00e1 osoba, svoj dobrovo\u013en\u00fd a v\u00fdslovn\u00fd s\u00fahlas so sprac\u00favan\u00edm svojich osobn\u00fdch \u00fadajov v zmysle \u00a713 ods. 1 p\u00edsm. a) z\u00e1kona \u010d.18\/2018 Z.z. o ochrane osobn\u00fdch \u00fadajov a o zmene a doplnen\u00ed niektor\u00fdch z\u00e1konov (\u010falej len \u201eZ\u00e1kon\u201c) a \u010dl. 6 ods. 1 p\u00edsm. a) nariadenia Eur\u00f3pskeho parlamentu a rady (E\u00da) 2016\/679 o ochrane fyzick\u00fdch os\u00f4b pri sprac\u00favan\u00ed osobn\u00fdch \u00fadajov a o vo\u013enom pohybe tak\u00fdchto \u00fadajov (\u010falej len \u201eNariadenie\u201c).<\/strong><\/p>\n<p style=\"text-align: justify;\">Svoj s\u00fahlas m\u00f4\u017eete kedyko\u013evek odvola\u0165 prostredn\u00edctvom emailu&nbsp;<a href=\"mailto:info.psb@modelgroup.com\">lekra.sro@gmail.com<\/a>, alebo telefonicky na \u010d\u00edsle +421903714262, alebo p\u00edsomne, zaslan\u00edm po\u017eiadavky na adresu prev\u00e1dzkovate\u013ea \u2013 LEKRA, s.r.o., Trnava pri Laborci 62, 072 31, po\u0161ta Vinn\u00e9. Odvolanie s\u00fahlasu nem\u00e1 vplyv na z\u00e1konnos\u0165 sprac\u00favania osobn\u00fdch \u00fadajov zalo\u017een\u00e9ho na s\u00fahlase pred jeho odvolan\u00edm.<\/p>\n<p style=\"text-align: center;\">1<\/p>\n<p style=\"text-align: justify;\">Prev\u00e1dzkovate\u013eom sprac\u00favaj\u00facim Va\u0161e osobn\u00e9 \u00fadaje je spolo\u010dnos\u0165 LEKRA, s.r.o., so s\u00eddlom v Trnave pri Laborci 62, 072 31, po\u0161ta Vinn\u00e9. I\u010cO: 44482345, telef\u00f3nne \u010d\u00edslo 0903714262.<\/p>\n<p style=\"text-align: center;\">2<\/p>\n<p style=\"text-align: justify;\">Kontakt osoby zodpovednej pre doh\u013ead nad sprac\u00favan\u00edm osobn\u00fdch \u00fadajov: Ing. Jozef\u00edna Badidov\u00e1, 0903714262, email: <a href=\"mailto:info.psb@modelgroup.com\">lekra.sro@gmail.com<\/a>.<\/p>\n<p style=\"text-align: center;\">3<\/p>\n<p style=\"direction: ltr; text-align: justify;\"><span style=\"font-size: 1rem;\">\u00da\u010delom sprac\u00favania osobn\u00fdch \u00fadajov je vykon\u00e1vanie marketingu (informovania o novink\u00e1ch, z\u013eav\u00e1ch a in\u00fdch marketingov\u00fdch ponuk\u00e1ch).&nbsp;<\/span><span style=\"font-size: 1rem;\">Osobn\u00e9 \u00fadaje sa sprac\u00favaj\u00fa na z\u00e1klade dobrovo\u013en\u00e9ho s\u00fahlasu dotknutej osoby pod\u013ea \u00a713 ods. 1 p\u00edsm. a) Z\u00e1kona a \u010dl. 6 ods. 1 p\u00edsm. a) Nariadenia.&nbsp;Sprac\u00favanie osobn\u00fdch \u00fadajov za \u00fa\u010delom opr\u00e1vnen\u00fdch z\u00e1ujmov prev\u00e1dzkovate\u013ea, alebo tretej strany sa nevykon\u00e1va.<\/span><\/p>\n<p style=\"text-align: center;\">4<\/p>\n<p style=\"text-align: justify;\">Dotknut\u00e9 osoby, o ktor\u00fdch sa osobn\u00e9 \u00fadaje sprac\u00favaj\u00fa s\u00fa klienti \u2013 z\u00e1kazn\u00edci, potenci\u00e1lni z\u00e1kazn\u00edci, n\u00e1v\u0161tevn\u00edci webov\u00fdch str\u00e1nok, z\u00e1kazn\u00edci eshopu.<br \/>\nRozsah sprac\u00favan\u00fdch osobn\u00fdch \u00fadajov: titul, meno, priezvisko, emailov\u00e1 adresa, adresa, telef\u00f3n.<\/p>\n<p style=\"text-align: center;\">5<\/p>\n<p style=\"text-align: justify;\">Prev\u00e1dzkovate\u013e m\u00f4\u017ee poskytn\u00fa\u0165 osobn\u00e9 \u00fadaje opr\u00e1vnen\u00fdm subjektom ako s\u00fa in\u0161tit\u00facie a organiz\u00e1cie, ktor\u00fdm sprac\u00favanie povo\u013euje osobitn\u00fd pr\u00e1vny predpis, alebo zmluvn\u00fdm partnerom (najm\u00e4 sprostredkovate\u013eom), ktor\u00ed sa zmluvne zaviazali prija\u0165 primeran\u00e9 z\u00e1ruky zachovania ochrany sprac\u00favan\u00fdch osobn\u00fdch \u00fadajov.&nbsp;So s\u00fahlasom dotknutej osoby, alebo na jeho\/jej pr\u00edkaz m\u00f4\u017eu by\u0165 osobn\u00e9 \u00fadaje poskytnut\u00e9 \u010fal\u0161\u00edm pr\u00edjemcom. Koment\u00e1re n\u00e1v\u0161tevn\u00edkov m\u00f4\u017eu by\u0165 kontrolovan\u00e9 prostredn\u00edctvom automatizovanej slu\u017eby na detekciu spamu, prostredn\u00edctvom&nbsp; websupport.sk.<\/p>\n<p style=\"text-align: center;\">6<\/p>\n<p>Prenos do tret\u00edch kraj\u00edn, alebo medzin\u00e1rodn\u00fdch organiz\u00e1ci\u00ed sa nevykon\u00e1va.<\/p>\n<p style=\"text-align: center;\">7<\/p>\n<p style=\"text-align: justify;\">Prev\u00e1dzkovate\u013e z\u00edskava osobn\u00e9 \u00fadaje priamo od dotknutej osoby &#8211; osobne, emailom, telefonicky, cez firemn\u00fa web str\u00e1nku.<\/p>\n<p style=\"text-align: center;\">8<\/p>\n<p style=\"text-align: justify;\">Prev\u00e1dzkovate\u013e sprac\u00fava osobn\u00e9 \u00fadaje po dobu nevyhnutn\u00fa na splnenie \u00fa\u010delu, najviac v\u0161ak po dobu 3 rokov od ukon\u010denia zmluvn\u00e9ho, alebo dobrovo\u013en\u00e9ho vz\u0165ahu, v ktorom boli osobn\u00e9 \u00fadaje poskytnut\u00e9.<\/p>\n<p style=\"text-align: center;\">9<\/p>\n<p style=\"text-align: justify;\">Prev\u00e1dzkovate\u013e nesprac\u00fava osobn\u00e9 \u00fadaje profilovan\u00edm, ani obdobn\u00fdm sp\u00f4sobom zalo\u017eenom na automatizovanom individu\u00e1lnom rozhodovan\u00ed.<\/p>\n<p style=\"text-align: center;\">10<\/p>\n<p>Pros\u00edme vezmite na vedomie, \u017ee pod\u013ea Nariadenia m\u00e1te pr\u00e1vo:<\/p>\n<ul>\n<li>zru\u0161i\u0165 kedyko\u013evek zasielanie obchodn\u00fdch ozn\u00e1men\u00ed<\/li>\n<li>vznies\u0165 n\u00e1mietku proti spracovaniu na z\u00e1klade opr\u00e1vnen\u00e9ho z\u00e1ujmu<br \/>\nspr\u00e1vcu<\/li>\n<li>po\u017eadova\u0165 od n\u00e1s inform\u00e1ciu, ak\u00e9 Va\u0161e osobn\u00e9 \u00fadaje spracov\u00e1vame<\/li>\n<li>vy\u017eiada\u0165 si u n\u00e1s pr\u00edstup k t\u00fdmto \u00fadajom a tieto necha\u0165 aktualizova\u0165,opravi\u0165 alebo po\u017eadova\u0165 obmedzenie spracovania<\/li>\n<li>po\u017eadova\u0165 od n\u00e1s vymazanie t\u00fdchto osobn\u00fdch \u00fadajov, vymazanie<br \/>\nvykon\u00e1me, pokia\u013e to nebude v rozpore s platn\u00fdmi pr\u00e1vnymi predpismi alebo<br \/>\nopr\u00e1vnen\u00fdmi z\u00e1ujmami spr\u00e1vcu<\/li>\n<li>na prenosnos\u0165 \u00fadajov, pokia\u013e sa jedn\u00e1 o automatizovan\u00e9 spracovanie<br \/>\nna z\u00e1klade s\u00fahlasu alebo z d\u00f4vodu plnenia zmluvy<\/li>\n<li>po\u017eadova\u0165 k\u00f3piu sprac\u00favan\u00fdch osobn\u00fdch \u00fadajov<br \/>\nna \u00fa\u010dinn\u00fa s\u00fadnu ochranu, ak m\u00e1te za to, \u017ee Va\u0161e pr\u00e1va boli pod\u013ea<br \/>\nNariadenia poru\u0161en\u00e9 v d\u00f4sledku spracovania Va\u0161ich osobn\u00fdch \u00fadajov v<br \/>\nrozpore s t\u00fdmto Nariaden\u00edm<\/li>\n<li>poda\u0165 s\u0165a\u017enos\u0165 na \u00darade pre ochranu osobn\u00fdch \u00fadajov.<\/li>\n<\/ul>\n<p style=\"text-align: center;\">11<\/p>\n<p style=\"text-align: justify;\">Dotknut\u00e1 osoba poskytuje svoje osobn\u00e9 \u00fadaje dobrovo\u013ene, na z\u00e1klade s\u00fahlasu (poskytnutie nie je z\u00e1konnou\/zmluvnou po\u017eiadavkou), v pr\u00edpade ich neposkytnutia nebude informovan\u00e1 o novink\u00e1ch, z\u013eav\u00e1ch, \u010di in\u00fdch marketingov\u00fdch ponuk\u00e1ch.<\/p>\n<p>&nbsp;<\/p>\n","protected":false},"excerpt":{"rendered":"<p>Cie\u013eom tejto inform\u00e1cie je poskytn\u00fa\u0165 V\u00e1m inform\u00e1cie o tom, ak\u00e9 osobn\u00e9 \u00fadaje sprac\u00favame, ako s nimi zaobch\u00e1dzame, na ak\u00e9 \u00fa\u010dely ich pou\u017e\u00edvame, komu ich m\u00f4\u017eeme poskytn\u00fa\u0165, kde m\u00f4\u017eete z\u00edska\u0165 inform\u00e1cie o Va\u0161ich osobn\u00fdch \u00fadajoch a uplatni\u0165 Va\u0161e pr\u00e1va pri sprac\u00favan\u00ed osobn\u00fdch \u00fadajov. Pou\u017e\u00edvan\u00edm t\u00fdchto str\u00e1nok, ude\u013eujete prev\u00e1dzkovate\u013eovi, ako dotknut\u00e1 osoba, svoj dobrovo\u013en\u00fd a v\u00fdslovn\u00fd s\u00fahlas &hellip; <\/p>\n<p class=\"link-more\"><a href=\"https:\/\/lekra.eu\/?page_id=2358\" class=\"more-link\">Pokra\u010dova\u0165 v \u010d\u00edtan\u00ed<span class=\"screen-reader-text\"> &#8220;Z\u00e1sady ochrany osobn\u00fdch \u00fadajov&#8221;<\/span><\/a><\/p>\n","protected":false},"author":1,"featured_media":0,"parent":0,"menu_order":0,"comment_status":"closed","ping_status":"closed","template":"","meta":{"_monsterinsights_skip_tracking":false,"_monsterinsights_sitenote_active":false,"_monsterinsights_sitenote_note":"","_monsterinsights_sitenote_category":0},"yoast_head":"<!-- This site is optimized with the Yoast SEO plugin v14.8 - https:\/\/yoast.com\/wordpress\/plugins\/seo\/ -->\n<title>Lekra, s.r.o. - Chr\u00e1nime Va\u0161e osobn\u00e9 \u00fadaje, aby neboli zneu\u017eit\u00e9<\/title>\n<meta name=\"description\" content=\"Cie\u013eom tejto inform\u00e1cie je poskytn\u00fa\u0165 V\u00e1m inform\u00e1cie o tom, ak\u00e9 osobn\u00e9 \u00fadaje sprac\u00favame, ako s nimi zaobch\u00e1dzame, na ak\u00e9 \u00fa\u010dely ich pou\u017e\u00edvame, komu ich m\u00f4\u017eeme poskytn\u00fa\u0165, kde m\u00f4\u017eete z\u00edska\u0165 inform\u00e1cie o Va\u0161ich osobn\u00fdch \u00fadajoch a uplatni\u0165 Va\u0161e pr\u00e1va pri sprac\u00favan\u00ed osobn\u00fdch \u00fadajov.\" \/>\n<meta name=\"robots\" content=\"index, follow\" \/>\n<meta name=\"googlebot\" content=\"index, follow, max-snippet:-1, max-image-preview:large, max-video-preview:-1\" \/>\n<meta name=\"bingbot\" content=\"index, follow, max-snippet:-1, max-image-preview:large, max-video-preview:-1\" \/>\n<link rel=\"canonical\" href=\"https:\/\/lekra.eu\/?page_id=2358\" \/>\n<meta property=\"og:locale\" content=\"sk_SK\" \/>\n<meta property=\"og:type\" content=\"article\" \/>\n<meta property=\"og:title\" content=\"Lekra, s.r.o. - Chr\u00e1nime Va\u0161e osobn\u00e9 \u00fadaje, aby neboli zneu\u017eit\u00e9\" \/>\n<meta property=\"og:description\" content=\"Cie\u013eom tejto inform\u00e1cie je poskytn\u00fa\u0165 V\u00e1m inform\u00e1cie o tom, ak\u00e9 osobn\u00e9 \u00fadaje sprac\u00favame, ako s nimi zaobch\u00e1dzame, na ak\u00e9 \u00fa\u010dely ich pou\u017e\u00edvame, komu ich m\u00f4\u017eeme poskytn\u00fa\u0165, kde m\u00f4\u017eete z\u00edska\u0165 inform\u00e1cie o Va\u0161ich osobn\u00fdch \u00fadajoch a uplatni\u0165 Va\u0161e pr\u00e1va pri sprac\u00favan\u00ed osobn\u00fdch \u00fadajov.\" \/>\n<meta property=\"og:url\" content=\"https:\/\/lekra.eu\/?page_id=2358\" \/>\n<meta property=\"og:site_name\" content=\"LEKRA, s.r.o.\" \/>\n<meta property=\"article:publisher\" content=\"https:\/\/www.facebook.com\/lekra.sro\/\" \/>\n<meta property=\"article:modified_time\" content=\"2020-09-24T17:58:24+00:00\" \/>\n<meta name=\"twitter:card\" content=\"summary_large_image\" \/>\n<script type=\"application\/ld+json\" class=\"yoast-schema-graph\">{\"@context\":\"https:\/\/schema.org\",\"@graph\":[{\"@type\":\"WebSite\",\"@id\":\"https:\/\/lekra.eu\/#website\",\"url\":\"https:\/\/lekra.eu\/\",\"name\":\"www.lekra.eu\",\"description\":\"V\\u00c1\\u0160 PARTNER PRE OBALY\",\"potentialAction\":[{\"@type\":\"SearchAction\",\"target\":\"https:\/\/lekra.eu\/?s={search_term_string}\",\"query-input\":\"required name=search_term_string\"}],\"inLanguage\":\"sk-SK\"},{\"@type\":\"WebPage\",\"@id\":\"https:\/\/lekra.eu\/?page_id=2358#webpage\",\"url\":\"https:\/\/lekra.eu\/?page_id=2358\",\"name\":\"Lekra, s.r.o. - Chr\\u00e1nime Va\\u0161e osobn\\u00e9 \\u00fadaje, aby neboli zneu\\u017eit\\u00e9\",\"isPartOf\":{\"@id\":\"https:\/\/lekra.eu\/#website\"},\"datePublished\":\"2018-05-30T10:04:06+00:00\",\"dateModified\":\"2020-09-24T17:58:24+00:00\",\"description\":\"Cie\\u013eom tejto inform\\u00e1cie je poskytn\\u00fa\\u0165 V\\u00e1m inform\\u00e1cie o tom, ak\\u00e9 osobn\\u00e9 \\u00fadaje sprac\\u00favame, ako s nimi zaobch\\u00e1dzame, na ak\\u00e9 \\u00fa\\u010dely ich pou\\u017e\\u00edvame, komu ich m\\u00f4\\u017eeme poskytn\\u00fa\\u0165, kde m\\u00f4\\u017eete z\\u00edska\\u0165 inform\\u00e1cie o Va\\u0161ich osobn\\u00fdch \\u00fadajoch a uplatni\\u0165 Va\\u0161e pr\\u00e1va pri sprac\\u00favan\\u00ed osobn\\u00fdch \\u00fadajov.\",\"inLanguage\":\"sk-SK\",\"potentialAction\":[{\"@type\":\"ReadAction\",\"target\":[\"https:\/\/lekra.eu\/?page_id=2358\"]}]}]}<\/script>\n<!-- \/ Yoast SEO plugin. -->","_links":{"self":[{"href":"https:\/\/lekra.eu\/index.php?rest_route=\/wp\/v2\/pages\/2358"}],"collection":[{"href":"https:\/\/lekra.eu\/index.php?rest_route=\/wp\/v2\/pages"}],"about":[{"href":"https:\/\/lekra.eu\/index.php?rest_route=\/wp\/v2\/types\/page"}],"author":[{"embeddable":true,"href":"https:\/\/lekra.eu\/index.php?rest_route=\/wp\/v2\/users\/1"}],"replies":[{"embeddable":true,"href":"https:\/\/lekra.eu\/index.php?rest_route=%2Fwp%2Fv2%2Fcomments&post=2358"}],"version-history":[{"count":6,"href":"https:\/\/lekra.eu\/index.php?rest_route=\/wp\/v2\/pages\/2358\/revisions"}],"predecessor-version":[{"id":2731,"href":"https:\/\/lekra.eu\/index.php?rest_route=\/wp\/v2\/pages\/2358\/revisions\/2731"}],"wp:attachment":[{"href":"https:\/\/lekra.eu\/index.php?rest_route=%2Fwp%2Fv2%2Fmedia&parent=2358"}],"curies":[{"name":"wp","href":"https:\/\/api.w.org\/{rel}","templated":true}]}}