{"id":2,"date":"2018-05-15T07:07:42","date_gmt":"2018-05-15T05:07:42","guid":{"rendered":"http:\/\/lekra.eu\/?page_id=2"},"modified":"2026-03-13T08:17:56","modified_gmt":"2026-03-13T07:17:56","slug":"kvalita","status":"publish","type":"page","link":"https:\/\/lekra.eu\/?page_id=2","title":{"rendered":"KVALITA"},"content":{"rendered":"<p><img decoding=\"async\" loading=\"lazy\" class=\"alignnone size-full wp-image-2749\" src=\"https:\/\/lekra.eu\/wp-content\/uploads\/2026\/03\/SGS-scaled.jpg\" alt=\"\" width=\"1810\" height=\"2560\" srcset=\"https:\/\/lekra.eu\/wp-content\/uploads\/2026\/03\/SGS-scaled.jpg 1810w, https:\/\/lekra.eu\/wp-content\/uploads\/2026\/03\/SGS-212x300.jpg 212w, https:\/\/lekra.eu\/wp-content\/uploads\/2026\/03\/SGS-724x1024.jpg 724w, https:\/\/lekra.eu\/wp-content\/uploads\/2026\/03\/SGS-768x1086.jpg 768w, https:\/\/lekra.eu\/wp-content\/uploads\/2026\/03\/SGS-1086x1536.jpg 1086w, https:\/\/lekra.eu\/wp-content\/uploads\/2026\/03\/SGS-1448x2048.jpg 1448w\" sizes=\"(max-width: 767px) 89vw, (max-width: 1000px) 54vw, (max-width: 1071px) 543px, 580px\" \/>Op\u00e4\u0165 raz sme \u00faspe\u0161n\u00e9 obh\u00e1jili to, \u010do pova\u017eujeme za d\u00f4le\u017eit\u00e9. Zlep\u0161ovanie na\u0161ej kvality a dodr\u017eiavanie politiky trval\u00e9ho zlep\u0161ovania.<\/p>\n<p><span style=\"vertical-align: inherit;\"><span style=\"vertical-align: inherit;\"><span style=\"vertical-align: inherit;\"><span style=\"vertical-align: inherit;\">Na\u0161a spolo\u010dnos\u0165 prijala politiku trval\u00e9ho zlep\u0161ovania svojich \u010dinnost\u00ed s cie\u013eom vysokej kvality produktov a t\u00fdm aj spokojnosti na\u0161ich z\u00e1kazn\u00edkov.<\/span><\/span><\/span><\/span><\/p>\n<p><img decoding=\"async\" loading=\"lazy\" class=\"alignnone wp-image-2217 size-full\" src=\"http:\/\/d.websupport.sk\/lekra.eu\/wp-content\/uploads\/2018\/05\/Sken_20180515.jpg\" alt=\"\" width=\"1276\" height=\"1755\" srcset=\"https:\/\/lekra.eu\/wp-content\/uploads\/2018\/05\/Sken_20180515.jpg 1276w, https:\/\/lekra.eu\/wp-content\/uploads\/2018\/05\/Sken_20180515-218x300.jpg 218w, https:\/\/lekra.eu\/wp-content\/uploads\/2018\/05\/Sken_20180515-768x1056.jpg 768w, https:\/\/lekra.eu\/wp-content\/uploads\/2018\/05\/Sken_20180515-745x1024.jpg 745w\" sizes=\"(max-width: 767px) 89vw, (max-width: 1000px) 54vw, (max-width: 1071px) 543px, 580px\" \/><\/p>\n<p>Do pr\u00e1ce d\u00e1vame svoje srdce i du\u0161u. Sna\u017e\u00edme sa plni\u0165 potreby na\u0161ich z\u00e1kazn\u00edkov na 100%. V\u017edy napredova\u0165. V\u00fdsledkom je aj \u00faspe\u0161n\u00fd recertifika\u010dn\u00fd audit ISO9001:2008.<\/p>\n<p><img decoding=\"async\" loading=\"lazy\" class=\"alignnone wp-image-2172 size-full\" src=\"http:\/\/d.websupport.sk\/lekra.eu\/wp-content\/uploads\/2018\/05\/iso2.png\" alt=\"\" width=\"667\" height=\"960\" srcset=\"https:\/\/lekra.eu\/wp-content\/uploads\/2018\/05\/iso2.png 667w, https:\/\/lekra.eu\/wp-content\/uploads\/2018\/05\/iso2-208x300.png 208w\" sizes=\"(max-width: 667px) 100vw, 667px\" \/><\/p>\n<p align=\"justify\">Po dlhej a kvalitnej pr\u00edprave, na ktorej sa podie\u013eali v\u0161etci pracovn\u00edci, spolo\u010dnos\u0165 LEKRA, s.r.o., vyhovela po\u017eiadavk\u00e1m\u00a0<strong>ISO9001:2008<\/strong>\u00a0a d\u0148a\u00a0<strong>6. apr\u00edla 2011\u00a0<\/strong>\u00faspe\u0161ne z\u00edskala certifik\u00e1t kvality.<\/p>\n<p align=\"justify\"><img decoding=\"async\" loading=\"lazy\" class=\"alignnone wp-image-2171 size-full\" src=\"http:\/\/d.websupport.sk\/lekra.eu\/wp-content\/uploads\/2018\/05\/iso1.jpg\" alt=\"\" width=\"509\" height=\"737\" srcset=\"https:\/\/lekra.eu\/wp-content\/uploads\/2018\/05\/iso1.jpg 509w, https:\/\/lekra.eu\/wp-content\/uploads\/2018\/05\/iso1-207x300.jpg 207w\" sizes=\"(max-width: 509px) 100vw, 509px\" \/><\/p>\n","protected":false},"excerpt":{"rendered":"<p>Op\u00e4\u0165 raz sme \u00faspe\u0161n\u00e9 obh\u00e1jili to, \u010do pova\u017eujeme za d\u00f4le\u017eit\u00e9. Zlep\u0161ovanie na\u0161ej kvality a dodr\u017eiavanie politiky trval\u00e9ho zlep\u0161ovania. Na\u0161a spolo\u010dnos\u0165 prijala politiku trval\u00e9ho zlep\u0161ovania svojich \u010dinnost\u00ed s cie\u013eom vysokej kvality produktov a t\u00fdm aj spokojnosti na\u0161ich z\u00e1kazn\u00edkov. Do pr\u00e1ce d\u00e1vame svoje srdce i du\u0161u. Sna\u017e\u00edme sa plni\u0165 potreby na\u0161ich z\u00e1kazn\u00edkov na 100%. V\u017edy napredova\u0165. V\u00fdsledkom &hellip; <\/p>\n<p class=\"link-more\"><a href=\"https:\/\/lekra.eu\/?page_id=2\" class=\"more-link\">Pokra\u010dova\u0165 v \u010d\u00edtan\u00ed<span class=\"screen-reader-text\"> &#8220;KVALITA&#8221;<\/span><\/a><\/p>\n","protected":false},"author":1,"featured_media":0,"parent":0,"menu_order":0,"comment_status":"closed","ping_status":"open","template":"","meta":{"_monsterinsights_skip_tracking":false,"_monsterinsights_sitenote_active":false,"_monsterinsights_sitenote_note":"","_monsterinsights_sitenote_category":0},"yoast_head":"<!-- This site is optimized with the Yoast SEO plugin v14.8 - https:\/\/yoast.com\/wordpress\/plugins\/seo\/ -->\n<title>Lekra, s.r.o. - Politika trval\u00e9ho zlep\u0161ovania procesov<\/title>\n<meta name=\"description\" content=\"Na\u0161a spolo\u010dnos\u0165 prijala politiku trval\u00e9ho zlep\u0161ovania svojich \u010dinnosti s cie\u013eom vysokej kvality produktov a t\u00fdm aj spokojnosti na\u0161ich z\u00e1kazn\u00edkov.\" \/>\n<meta name=\"robots\" content=\"index, follow\" \/>\n<meta name=\"googlebot\" content=\"index, follow, max-snippet:-1, max-image-preview:large, max-video-preview:-1\" \/>\n<meta name=\"bingbot\" content=\"index, follow, max-snippet:-1, max-image-preview:large, max-video-preview:-1\" \/>\n<link rel=\"canonical\" href=\"https:\/\/lekra.eu\/?page_id=2\" \/>\n<meta property=\"og:locale\" content=\"sk_SK\" \/>\n<meta property=\"og:type\" content=\"article\" \/>\n<meta property=\"og:title\" content=\"Lekra, s.r.o. - Politika trval\u00e9ho zlep\u0161ovania procesov\" \/>\n<meta property=\"og:description\" content=\"Na\u0161a spolo\u010dnos\u0165 prijala politiku trval\u00e9ho zlep\u0161ovania svojich \u010dinnosti s cie\u013eom vysokej kvality produktov a t\u00fdm aj spokojnosti na\u0161ich z\u00e1kazn\u00edkov.\" \/>\n<meta property=\"og:url\" content=\"https:\/\/lekra.eu\/?page_id=2\" \/>\n<meta property=\"og:site_name\" content=\"LEKRA, s.r.o.\" \/>\n<meta property=\"article:publisher\" content=\"https:\/\/www.facebook.com\/lekra.sro\/\" \/>\n<meta property=\"article:modified_time\" content=\"2026-03-13T07:17:56+00:00\" \/>\n<meta property=\"og:image\" content=\"https:\/\/lekra.eu\/wp-content\/uploads\/2026\/03\/SGS-scaled.jpg\" \/>\n<meta name=\"twitter:card\" content=\"summary_large_image\" \/>\n<script type=\"application\/ld+json\" class=\"yoast-schema-graph\">{\"@context\":\"https:\/\/schema.org\",\"@graph\":[{\"@type\":\"WebSite\",\"@id\":\"https:\/\/lekra.eu\/#website\",\"url\":\"https:\/\/lekra.eu\/\",\"name\":\"www.lekra.eu\",\"description\":\"V\\u00c1\\u0160 PARTNER PRE OBALY\",\"potentialAction\":[{\"@type\":\"SearchAction\",\"target\":\"https:\/\/lekra.eu\/?s={search_term_string}\",\"query-input\":\"required name=search_term_string\"}],\"inLanguage\":\"sk-SK\"},{\"@type\":\"ImageObject\",\"@id\":\"https:\/\/lekra.eu\/?page_id=2#primaryimage\",\"inLanguage\":\"sk-SK\",\"url\":\"https:\/\/lekra.eu\/wp-content\/uploads\/2026\/03\/SGS-scaled.jpg\",\"width\":1810,\"height\":2560},{\"@type\":\"WebPage\",\"@id\":\"https:\/\/lekra.eu\/?page_id=2#webpage\",\"url\":\"https:\/\/lekra.eu\/?page_id=2\",\"name\":\"Lekra, s.r.o. - Politika trval\\u00e9ho zlep\\u0161ovania procesov\",\"isPartOf\":{\"@id\":\"https:\/\/lekra.eu\/#website\"},\"primaryImageOfPage\":{\"@id\":\"https:\/\/lekra.eu\/?page_id=2#primaryimage\"},\"datePublished\":\"2018-05-15T05:07:42+00:00\",\"dateModified\":\"2026-03-13T07:17:56+00:00\",\"description\":\"Na\\u0161a spolo\\u010dnos\\u0165 prijala politiku trval\\u00e9ho zlep\\u0161ovania svojich \\u010dinnosti s cie\\u013eom vysokej kvality produktov a t\\u00fdm aj spokojnosti na\\u0161ich z\\u00e1kazn\\u00edkov.\",\"inLanguage\":\"sk-SK\",\"potentialAction\":[{\"@type\":\"ReadAction\",\"target\":[\"https:\/\/lekra.eu\/?page_id=2\"]}]}]}<\/script>\n<!-- \/ Yoast SEO plugin. -->","_links":{"self":[{"href":"https:\/\/lekra.eu\/index.php?rest_route=\/wp\/v2\/pages\/2"}],"collection":[{"href":"https:\/\/lekra.eu\/index.php?rest_route=\/wp\/v2\/pages"}],"about":[{"href":"https:\/\/lekra.eu\/index.php?rest_route=\/wp\/v2\/types\/page"}],"author":[{"embeddable":true,"href":"https:\/\/lekra.eu\/index.php?rest_route=\/wp\/v2\/users\/1"}],"replies":[{"embeddable":true,"href":"https:\/\/lekra.eu\/index.php?rest_route=%2Fwp%2Fv2%2Fcomments&post=2"}],"version-history":[{"count":5,"href":"https:\/\/lekra.eu\/index.php?rest_route=\/wp\/v2\/pages\/2\/revisions"}],"predecessor-version":[{"id":2750,"href":"https:\/\/lekra.eu\/index.php?rest_route=\/wp\/v2\/pages\/2\/revisions\/2750"}],"wp:attachment":[{"href":"https:\/\/lekra.eu\/index.php?rest_route=%2Fwp%2Fv2%2Fmedia&parent=2"}],"curies":[{"name":"wp","href":"https:\/\/api.w.org\/{rel}","templated":true}]}}