{"id":196,"date":"2013-01-25T01:51:53","date_gmt":"2013-01-25T01:51:53","guid":{"rendered":"https:\/\/themify.me\/demo\/themes\/metro\/?page_id=196"},"modified":"2019-02-07T11:28:00","modified_gmt":"2019-02-07T10:28:00","slug":"vitajte-na-strankach-spolocnosti-lekra-s-r-o","status":"publish","type":"page","link":"https:\/\/lekra.eu\/","title":{"rendered":"Vitajte na str\u00e1nkach spolo\u010dnosti LEKRA, s.r.o."},"content":{"rendered":"<p align=\"justify\"><span style=\"vertical-align: inherit;\"><span style=\"vertical-align: inherit;\"><span style=\"vertical-align: inherit;\"><span style=\"vertical-align: inherit;\"><img decoding=\"async\" loading=\"lazy\" class=\"alignleft wp-image-2415 size-thumbnail\" src=\"https:\/\/lekra.eu\/wp-content\/uploads\/2018\/09\/sgs_logo-300x293-150x150.png\" alt=\"\" width=\"150\" height=\"150\" srcset=\"https:\/\/lekra.eu\/wp-content\/uploads\/2018\/09\/sgs_logo-300x293-150x150.png 150w, https:\/\/lekra.eu\/wp-content\/uploads\/2018\/09\/sgs_logo-300x293-100x100.png 100w\" sizes=\"(max-width: 150px) 100vw, 150px\" \/>Svojim klientom pon\u00fakame ucelen\u00fd sortiment obalov z\u00a0 vlnit\u00fdch lepeniek, ako aj in\u00e9 obalov\u00e9 materi\u00e1ly na prepravu tovaru. Na\u0161ou snahou je neust\u00e1le roz\u0161irovanie vlastn\u00e9ho portf\u00f3lia a t\u00fdm plnenie v\u0161etk\u00fdch po\u017eiadavok na\u0161ich z\u00e1kazn\u00edkov.<\/span><\/span><\/span><\/span><\/p>\n<p align=\"justify\"><span style=\"vertical-align: inherit;\"><span style=\"vertical-align: inherit;\"><span style=\"vertical-align: inherit;\"><span style=\"vertical-align: inherit;\">V\u0161etky po\u017eiadavky s\u00fa posudzovan\u00e9 osobitne a je im venovan\u00e1 maxim\u00e1lna pozornos\u0165 zo strany na\u0161ich pracovn\u00edkov, lebo spokojnos\u0165 na\u0161ich klientov je pre n\u00e1s prvorad\u00fdm cie\u013eom.<\/span><\/span><\/span><\/span><\/p>\n<p align=\"justify\"><span style=\"vertical-align: inherit;\"><span style=\"vertical-align: inherit;\"><span style=\"vertical-align: inherit;\"><span style=\"vertical-align: inherit;\">Okrem odborn\u00e9ho poradenstva pri v\u00fdbere toho spr\u00e1vneho obalu, pon\u00fakame na\u0161im z\u00e1kazn\u00edkom aj bezpe\u010dn\u00fa dopravu tovaru a\u017e na ich prev\u00e1dzku.<\/span><\/span><\/span><\/span><\/p>\n<p align=\"justify\"><img decoding=\"async\" loading=\"lazy\" class=\"alignnone size-medium wp-image-2166\" src=\"http:\/\/d.websupport.sk\/lekra.eu\/wp-content\/uploads\/2018\/05\/6-300x190.jpg\" alt=\"\" width=\"300\" height=\"190\" srcset=\"https:\/\/lekra.eu\/wp-content\/uploads\/2018\/05\/6-300x190.jpg 300w, https:\/\/lekra.eu\/wp-content\/uploads\/2018\/05\/6.jpg 611w\" sizes=\"(max-width: 300px) 100vw, 300px\" \/><\/p>\n<div class=\"text\">\n<p align=\"justify\"><span style=\"vertical-align: inherit;\"><span style=\"vertical-align: inherit;\"><span style=\"vertical-align: inherit;\"><span style=\"vertical-align: inherit;\">Firma LEKRA, s.r.o. vznikla v roku 2008 s cie\u013eom zaplni\u0165 medzeru na trhu vo svojom regi\u00f3ne a m\u00e1 v\u00fdrobno &#8211; obchodn\u00fd charakter. Okrem predajnej \u010dinnosti sa venuje v\u00fdrobe a potla\u010di obalov z vlnit\u00fdch a hladk\u00fdch lepeniek. Na\u0161a firma opiera svoj sortiment o medzin\u00e1rodn\u00fd katal\u00f3g FEFCO a ECMA.<\/span><\/span><\/span><\/span><\/p>\n<p align=\"justify\">\n<p align=\"justify\"><img decoding=\"async\" loading=\"lazy\" class=\"size-full wp-image-2130 aligncenter\" src=\"https:\/\/lekra.eu\/wp-content\/uploads\/2018\/05\/nove_logo.jpg\" alt=\"\" width=\"196\" height=\"82\" \/><\/p>\n<\/div>\n","protected":false},"excerpt":{"rendered":"<p>Svojim klientom pon\u00fakame ucelen\u00fd sortiment obalov z\u00a0 vlnit\u00fdch lepeniek, ako aj in\u00e9 obalov\u00e9 materi\u00e1ly na prepravu tovaru. Na\u0161ou snahou je neust\u00e1le roz\u0161irovanie vlastn\u00e9ho portf\u00f3lia a t\u00fdm plnenie v\u0161etk\u00fdch po\u017eiadavok na\u0161ich z\u00e1kazn\u00edkov. V\u0161etky po\u017eiadavky s\u00fa posudzovan\u00e9 osobitne a je im venovan\u00e1 maxim\u00e1lna pozornos\u0165 zo strany na\u0161ich pracovn\u00edkov, lebo spokojnos\u0165 na\u0161ich klientov je pre n\u00e1s prvorad\u00fdm cie\u013eom. &hellip; <\/p>\n<p class=\"link-more\"><a href=\"https:\/\/lekra.eu\/\" class=\"more-link\">Pokra\u010dova\u0165 v \u010d\u00edtan\u00ed<span class=\"screen-reader-text\"> &#8220;Vitajte na str\u00e1nkach spolo\u010dnosti LEKRA, s.r.o.&#8221;<\/span><\/a><\/p>\n","protected":false},"author":1,"featured_media":0,"parent":0,"menu_order":0,"comment_status":"closed","ping_status":"closed","template":"","meta":{"_monsterinsights_skip_tracking":false,"_monsterinsights_sitenote_active":false,"_monsterinsights_sitenote_note":"","_monsterinsights_sitenote_category":0},"yoast_head":"<!-- This site is optimized with the Yoast SEO plugin v14.8 - https:\/\/yoast.com\/wordpress\/plugins\/seo\/ -->\n<title>Lekra, s.r.o. - Bal\u00edme Va\u0161e starosti do obalov z vlnit\u00fdch a hladk\u00fdch lepeniek<\/title>\n<meta name=\"description\" content=\"Svoj\u00edm klientom pon\u00fakame ucelen\u00fd sortiment obalov z vlnit\u00fdch lepeniek, ako aj in\u00e9 obalov\u00e9 materi\u00e1ly na prepravu tovaru. Okrem odborn\u00e9ho poradenstva pri v\u00fdbere toho spr\u00e1vneho obalu, pon\u00fakame na\u0161im z\u00e1kazn\u00edkom aj bezpe\u010dn\u00fa dopravu tovaru a\u017e na ich prev\u00e1dzku.\" \/>\n<meta name=\"robots\" content=\"index, follow\" \/>\n<meta name=\"googlebot\" content=\"index, follow, max-snippet:-1, max-image-preview:large, max-video-preview:-1\" \/>\n<meta name=\"bingbot\" content=\"index, follow, max-snippet:-1, max-image-preview:large, max-video-preview:-1\" \/>\n<link rel=\"canonical\" href=\"https:\/\/lekra.eu\/\" \/>\n<meta property=\"og:locale\" content=\"sk_SK\" \/>\n<meta property=\"og:type\" content=\"article\" \/>\n<meta property=\"og:title\" content=\"Lekra, s.r.o. - Bal\u00edme Va\u0161e starosti do obalov z vlnit\u00fdch a hladk\u00fdch lepeniek\" \/>\n<meta property=\"og:description\" content=\"Svoj\u00edm klientom pon\u00fakame ucelen\u00fd sortiment obalov z vlnit\u00fdch lepeniek, ako aj in\u00e9 obalov\u00e9 materi\u00e1ly na prepravu tovaru. Okrem odborn\u00e9ho poradenstva pri v\u00fdbere toho spr\u00e1vneho obalu, pon\u00fakame na\u0161im z\u00e1kazn\u00edkom aj bezpe\u010dn\u00fa dopravu tovaru a\u017e na ich prev\u00e1dzku.\" \/>\n<meta property=\"og:url\" content=\"https:\/\/lekra.eu\/\" \/>\n<meta property=\"og:site_name\" content=\"LEKRA, s.r.o.\" \/>\n<meta property=\"article:publisher\" content=\"https:\/\/www.facebook.com\/lekra.sro\/\" \/>\n<meta property=\"article:modified_time\" content=\"2019-02-07T10:28:00+00:00\" \/>\n<meta property=\"og:image\" content=\"https:\/\/lekra.eu\/wp-content\/uploads\/2018\/09\/sgs_logo-300x293-150x150.png\" \/>\n<meta name=\"twitter:card\" content=\"summary_large_image\" \/>\n<script type=\"application\/ld+json\" class=\"yoast-schema-graph\">{\"@context\":\"https:\/\/schema.org\",\"@graph\":[{\"@type\":\"WebSite\",\"@id\":\"https:\/\/lekra.eu\/#website\",\"url\":\"https:\/\/lekra.eu\/\",\"name\":\"www.lekra.eu\",\"description\":\"V\\u00c1\\u0160 PARTNER PRE OBALY\",\"potentialAction\":[{\"@type\":\"SearchAction\",\"target\":\"https:\/\/lekra.eu\/?s={search_term_string}\",\"query-input\":\"required name=search_term_string\"}],\"inLanguage\":\"sk-SK\"},{\"@type\":\"ImageObject\",\"@id\":\"https:\/\/lekra.eu\/#primaryimage\",\"inLanguage\":\"sk-SK\",\"url\":\"https:\/\/lekra.eu\/wp-content\/uploads\/2018\/09\/sgs_logo-300x293-150x150.png\"},{\"@type\":\"WebPage\",\"@id\":\"https:\/\/lekra.eu\/#webpage\",\"url\":\"https:\/\/lekra.eu\/\",\"name\":\"Lekra, s.r.o. - Bal\\u00edme Va\\u0161e starosti do obalov z vlnit\\u00fdch a hladk\\u00fdch lepeniek\",\"isPartOf\":{\"@id\":\"https:\/\/lekra.eu\/#website\"},\"primaryImageOfPage\":{\"@id\":\"https:\/\/lekra.eu\/#primaryimage\"},\"datePublished\":\"2013-01-25T01:51:53+00:00\",\"dateModified\":\"2019-02-07T10:28:00+00:00\",\"description\":\"Svoj\\u00edm klientom pon\\u00fakame ucelen\\u00fd sortiment obalov z vlnit\\u00fdch lepeniek, ako aj in\\u00e9 obalov\\u00e9 materi\\u00e1ly na prepravu tovaru. Okrem odborn\\u00e9ho poradenstva pri v\\u00fdbere toho spr\\u00e1vneho obalu, pon\\u00fakame na\\u0161im z\\u00e1kazn\\u00edkom aj bezpe\\u010dn\\u00fa dopravu tovaru a\\u017e na ich prev\\u00e1dzku.\",\"inLanguage\":\"sk-SK\",\"potentialAction\":[{\"@type\":\"ReadAction\",\"target\":[\"https:\/\/lekra.eu\/\"]}]}]}<\/script>\n<!-- \/ Yoast SEO plugin. -->","_links":{"self":[{"href":"https:\/\/lekra.eu\/index.php?rest_route=\/wp\/v2\/pages\/196"}],"collection":[{"href":"https:\/\/lekra.eu\/index.php?rest_route=\/wp\/v2\/pages"}],"about":[{"href":"https:\/\/lekra.eu\/index.php?rest_route=\/wp\/v2\/types\/page"}],"author":[{"embeddable":true,"href":"https:\/\/lekra.eu\/index.php?rest_route=\/wp\/v2\/users\/1"}],"replies":[{"embeddable":true,"href":"https:\/\/lekra.eu\/index.php?rest_route=%2Fwp%2Fv2%2Fcomments&post=196"}],"version-history":[{"count":6,"href":"https:\/\/lekra.eu\/index.php?rest_route=\/wp\/v2\/pages\/196\/revisions"}],"predecessor-version":[{"id":2734,"href":"https:\/\/lekra.eu\/index.php?rest_route=\/wp\/v2\/pages\/196\/revisions\/2734"}],"wp:attachment":[{"href":"https:\/\/lekra.eu\/index.php?rest_route=%2Fwp%2Fv2%2Fmedia&parent=196"}],"curies":[{"name":"wp","href":"https:\/\/api.w.org\/{rel}","templated":true}]}}